{"id":998,"date":"2024-06-19T10:33:44","date_gmt":"2024-06-19T10:33:44","guid":{"rendered":"https:\/\/gce.eng.br\/?post_type=product&#038;p=998"},"modified":"2024-06-19T10:33:44","modified_gmt":"2024-06-19T10:33:44","slug":"ventosa-pfyn-3-5-rm-nbr","status":"publish","type":"product","link":"https:\/\/gce.eng.br\/index.php\/produto\/ventosa-pfyn-3-5-rm-nbr\/","title":{"rendered":"Ventosa PFYN 3.5 &#8211; RM &#8211; NBR"},"content":{"rendered":"","protected":false},"excerpt":{"rendered":"<div>\n<h6><strong>Conex\u00e3o<\/strong><\/h6>\n<h6>M3<\/h6>\n<\/div>\n<div>\n<h6><strong>Di\u00e2metro (mm)<\/strong><\/h6>\n<h6>3.5<\/h6>\n<\/div>\n<div>\n<h6><strong>For\u00e7a de suc\u00e7\u00e3o (N)<\/strong><\/h6>\n<h6>0.42<\/h6>\n<\/div>\n<div>\n<h6><strong>Material<\/strong><\/h6>\n<h6>NBR<\/h6>\n<\/div>\n<div>\n<h6><strong>S\u00e9rie<\/strong><\/h6>\n<h6>Ventosas planas PFYN<\/h6>\n<\/div>\n<div>\n<h6><strong>Tipo<\/strong><\/h6>\n<h6>com conex\u00e3o rosca macho<\/h6>\n<\/div>\n","protected":false},"featured_media":999,"comment_status":"open","ping_status":"closed","template":"","meta":[],"product_cat":[75],"product_tag":[],"_links":{"self":[{"href":"https:\/\/gce.eng.br\/index.php\/wp-json\/wp\/v2\/product\/998"}],"collection":[{"href":"https:\/\/gce.eng.br\/index.php\/wp-json\/wp\/v2\/product"}],"about":[{"href":"https:\/\/gce.eng.br\/index.php\/wp-json\/wp\/v2\/types\/product"}],"replies":[{"embeddable":true,"href":"https:\/\/gce.eng.br\/index.php\/wp-json\/wp\/v2\/comments?post=998"}],"wp:featuredmedia":[{"embeddable":true,"href":"https:\/\/gce.eng.br\/index.php\/wp-json\/wp\/v2\/media\/999"}],"wp:attachment":[{"href":"https:\/\/gce.eng.br\/index.php\/wp-json\/wp\/v2\/media?parent=998"}],"wp:term":[{"taxonomy":"product_cat","embeddable":true,"href":"https:\/\/gce.eng.br\/index.php\/wp-json\/wp\/v2\/product_cat?post=998"},{"taxonomy":"product_tag","embeddable":true,"href":"https:\/\/gce.eng.br\/index.php\/wp-json\/wp\/v2\/product_tag?post=998"}],"curies":[{"name":"wp","href":"https:\/\/api.w.org\/{rel}","templated":true}]}}