{"id":977,"date":"2024-06-19T10:23:52","date_gmt":"2024-06-19T10:23:52","guid":{"rendered":"https:\/\/gce.eng.br\/?post_type=product&#038;p=977"},"modified":"2024-06-19T10:24:44","modified_gmt":"2024-06-19T10:24:44","slug":"vacuometro-vam-63-v-u-psi","status":"publish","type":"product","link":"https:\/\/gce.eng.br\/index.php\/produto\/vacuometro-vam-63-v-u-psi\/","title":{"rendered":"Vacu\u00f4metro VAM 63 V U PSI"},"content":{"rendered":"","protected":false},"excerpt":{"rendered":"<div>\n<h6><strong>Conex\u00e3o<\/strong><\/h6>\n<h6>G1\/4&#8243;<\/h6>\n<\/div>\n<div>\n<h6><strong>S\u00e9rie<\/strong><\/h6>\n<h6>Vacu\u00f4metros VAM<\/h6>\n<\/div>\n<div>\n<h6><strong>Tipo<\/strong><\/h6>\n<h6>Vacu\u00f4metro \u00d863 com conex\u00e3o inferior<\/h6>\n<\/div>\n","protected":false},"featured_media":978,"comment_status":"open","ping_status":"closed","template":"","meta":[],"product_cat":[72],"product_tag":[],"_links":{"self":[{"href":"https:\/\/gce.eng.br\/index.php\/wp-json\/wp\/v2\/product\/977"}],"collection":[{"href":"https:\/\/gce.eng.br\/index.php\/wp-json\/wp\/v2\/product"}],"about":[{"href":"https:\/\/gce.eng.br\/index.php\/wp-json\/wp\/v2\/types\/product"}],"replies":[{"embeddable":true,"href":"https:\/\/gce.eng.br\/index.php\/wp-json\/wp\/v2\/comments?post=977"}],"wp:featuredmedia":[{"embeddable":true,"href":"https:\/\/gce.eng.br\/index.php\/wp-json\/wp\/v2\/media\/978"}],"wp:attachment":[{"href":"https:\/\/gce.eng.br\/index.php\/wp-json\/wp\/v2\/media?parent=977"}],"wp:term":[{"taxonomy":"product_cat","embeddable":true,"href":"https:\/\/gce.eng.br\/index.php\/wp-json\/wp\/v2\/product_cat?post=977"},{"taxonomy":"product_tag","embeddable":true,"href":"https:\/\/gce.eng.br\/index.php\/wp-json\/wp\/v2\/product_tag?post=977"}],"curies":[{"name":"wp","href":"https:\/\/api.w.org\/{rel}","templated":true}]}}