{"id":964,"date":"2024-06-19T10:18:32","date_gmt":"2024-06-19T10:18:32","guid":{"rendered":"https:\/\/gce.eng.br\/?post_type=product&#038;p=964"},"modified":"2024-06-19T10:19:11","modified_gmt":"2024-06-19T10:19:11","slug":"articulacao-kgl-g1-4-ig-g1-4-ag","status":"publish","type":"product","link":"https:\/\/gce.eng.br\/index.php\/produto\/articulacao-kgl-g1-4-ig-g1-4-ag\/","title":{"rendered":"Articula\u00e7\u00e3o KGL G1\/4-IG G1\/4-AG"},"content":{"rendered":"","protected":false},"excerpt":{"rendered":"<div>\n<h6><strong>Carga vertical (N)<\/strong><\/h6>\n<h6>1500<\/h6>\n<\/div>\n<div>\n<h6><strong>Conex\u00e3o<\/strong><\/h6>\n<h6>G1\/4&#8243;<\/h6>\n<\/div>\n<div>\n<h6><strong>S\u00e9rie<\/strong><\/h6>\n<h6>Articula\u00e7\u00f5es esf\u00e9ricas KGL<\/h6>\n<\/div>\n<div>\n<h6><strong>Tipo<\/strong><\/h6>\n<h6>Articula\u00e7\u00e3o esf\u00e9rica<\/h6>\n<\/div>\n","protected":false},"featured_media":965,"comment_status":"open","ping_status":"closed","template":"","meta":[],"product_cat":[70],"product_tag":[],"_links":{"self":[{"href":"https:\/\/gce.eng.br\/index.php\/wp-json\/wp\/v2\/product\/964"}],"collection":[{"href":"https:\/\/gce.eng.br\/index.php\/wp-json\/wp\/v2\/product"}],"about":[{"href":"https:\/\/gce.eng.br\/index.php\/wp-json\/wp\/v2\/types\/product"}],"replies":[{"embeddable":true,"href":"https:\/\/gce.eng.br\/index.php\/wp-json\/wp\/v2\/comments?post=964"}],"wp:featuredmedia":[{"embeddable":true,"href":"https:\/\/gce.eng.br\/index.php\/wp-json\/wp\/v2\/media\/965"}],"wp:attachment":[{"href":"https:\/\/gce.eng.br\/index.php\/wp-json\/wp\/v2\/media?parent=964"}],"wp:term":[{"taxonomy":"product_cat","embeddable":true,"href":"https:\/\/gce.eng.br\/index.php\/wp-json\/wp\/v2\/product_cat?post=964"},{"taxonomy":"product_tag","embeddable":true,"href":"https:\/\/gce.eng.br\/index.php\/wp-json\/wp\/v2\/product_tag?post=964"}],"curies":[{"name":"wp","href":"https:\/\/api.w.org\/{rel}","templated":true}]}}