{"id":916,"date":"2024-06-19T02:55:19","date_gmt":"2024-06-19T02:55:19","guid":{"rendered":"https:\/\/gce.eng.br\/?post_type=product&#038;p=916"},"modified":"2024-11-25T14:22:20","modified_gmt":"2024-11-25T14:22:20","slug":"valvula-de-retencao-t6","status":"publish","type":"product","link":"https:\/\/gce.eng.br\/index.php\/produto\/valvula-de-retencao-t6\/","title":{"rendered":"V\u00e1lvula de reten\u00e7\u00e3o T6"},"content":{"rendered":"","protected":false},"excerpt":{"rendered":"","protected":false},"featured_media":915,"comment_status":"open","ping_status":"closed","template":"","meta":[],"product_cat":[54],"product_tag":[],"_links":{"self":[{"href":"https:\/\/gce.eng.br\/index.php\/wp-json\/wp\/v2\/product\/916"}],"collection":[{"href":"https:\/\/gce.eng.br\/index.php\/wp-json\/wp\/v2\/product"}],"about":[{"href":"https:\/\/gce.eng.br\/index.php\/wp-json\/wp\/v2\/types\/product"}],"replies":[{"embeddable":true,"href":"https:\/\/gce.eng.br\/index.php\/wp-json\/wp\/v2\/comments?post=916"}],"wp:featuredmedia":[{"embeddable":true,"href":"https:\/\/gce.eng.br\/index.php\/wp-json\/wp\/v2\/media\/915"}],"wp:attachment":[{"href":"https:\/\/gce.eng.br\/index.php\/wp-json\/wp\/v2\/media?parent=916"}],"wp:term":[{"taxonomy":"product_cat","embeddable":true,"href":"https:\/\/gce.eng.br\/index.php\/wp-json\/wp\/v2\/product_cat?post=916"},{"taxonomy":"product_tag","embeddable":true,"href":"https:\/\/gce.eng.br\/index.php\/wp-json\/wp\/v2\/product_tag?post=916"}],"curies":[{"name":"wp","href":"https:\/\/api.w.org\/{rel}","templated":true}]}}