{"id":914,"date":"2024-06-19T02:54:49","date_gmt":"2024-06-19T02:54:49","guid":{"rendered":"https:\/\/gce.eng.br\/?post_type=product&#038;p=914"},"modified":"2024-06-19T02:55:06","modified_gmt":"2024-06-19T02:55:06","slug":"valvula-de-retencao-t4","status":"publish","type":"product","link":"https:\/\/gce.eng.br\/index.php\/produto\/valvula-de-retencao-t4\/","title":{"rendered":"V\u00e1lvula de reten\u00e7\u00e3o T4"},"content":{"rendered":"","protected":false},"excerpt":{"rendered":"","protected":false},"featured_media":915,"comment_status":"open","ping_status":"closed","template":"","meta":[],"product_cat":[54],"product_tag":[],"_links":{"self":[{"href":"https:\/\/gce.eng.br\/index.php\/wp-json\/wp\/v2\/product\/914"}],"collection":[{"href":"https:\/\/gce.eng.br\/index.php\/wp-json\/wp\/v2\/product"}],"about":[{"href":"https:\/\/gce.eng.br\/index.php\/wp-json\/wp\/v2\/types\/product"}],"replies":[{"embeddable":true,"href":"https:\/\/gce.eng.br\/index.php\/wp-json\/wp\/v2\/comments?post=914"}],"wp:featuredmedia":[{"embeddable":true,"href":"https:\/\/gce.eng.br\/index.php\/wp-json\/wp\/v2\/media\/915"}],"wp:attachment":[{"href":"https:\/\/gce.eng.br\/index.php\/wp-json\/wp\/v2\/media?parent=914"}],"wp:term":[{"taxonomy":"product_cat","embeddable":true,"href":"https:\/\/gce.eng.br\/index.php\/wp-json\/wp\/v2\/product_cat?post=914"},{"taxonomy":"product_tag","embeddable":true,"href":"https:\/\/gce.eng.br\/index.php\/wp-json\/wp\/v2\/product_tag?post=914"}],"curies":[{"name":"wp","href":"https:\/\/api.w.org\/{rel}","templated":true}]}}