{"id":873,"date":"2024-06-19T02:38:56","date_gmt":"2024-06-19T02:38:56","guid":{"rendered":"https:\/\/gce.eng.br\/?post_type=product&#038;p=873"},"modified":"2024-06-19T02:38:56","modified_gmt":"2024-06-19T02:38:56","slug":"valvula-funcao-ou-serie-va-g1-8","status":"publish","type":"product","link":"https:\/\/gce.eng.br\/index.php\/produto\/valvula-funcao-ou-serie-va-g1-8\/","title":{"rendered":"V\u00e1lvula fun\u00e7\u00e3o OU s\u00e9rie VA, G1\/8&#8243;"},"content":{"rendered":"","protected":false},"excerpt":{"rendered":"","protected":false},"featured_media":874,"comment_status":"open","ping_status":"closed","template":"","meta":[],"product_cat":[48],"product_tag":[],"_links":{"self":[{"href":"https:\/\/gce.eng.br\/index.php\/wp-json\/wp\/v2\/product\/873"}],"collection":[{"href":"https:\/\/gce.eng.br\/index.php\/wp-json\/wp\/v2\/product"}],"about":[{"href":"https:\/\/gce.eng.br\/index.php\/wp-json\/wp\/v2\/types\/product"}],"replies":[{"embeddable":true,"href":"https:\/\/gce.eng.br\/index.php\/wp-json\/wp\/v2\/comments?post=873"}],"wp:featuredmedia":[{"embeddable":true,"href":"https:\/\/gce.eng.br\/index.php\/wp-json\/wp\/v2\/media\/874"}],"wp:attachment":[{"href":"https:\/\/gce.eng.br\/index.php\/wp-json\/wp\/v2\/media?parent=873"}],"wp:term":[{"taxonomy":"product_cat","embeddable":true,"href":"https:\/\/gce.eng.br\/index.php\/wp-json\/wp\/v2\/product_cat?post=873"},{"taxonomy":"product_tag","embeddable":true,"href":"https:\/\/gce.eng.br\/index.php\/wp-json\/wp\/v2\/product_tag?post=873"}],"curies":[{"name":"wp","href":"https:\/\/api.w.org\/{rel}","templated":true}]}}