{"id":862,"date":"2024-06-19T02:33:12","date_gmt":"2024-06-19T02:33:12","guid":{"rendered":"https:\/\/gce.eng.br\/?post_type=product&#038;p=862"},"modified":"2024-06-19T02:33:32","modified_gmt":"2024-06-19T02:33:32","slug":"valvulas-de-retencao-pilotadas-g1-8","status":"publish","type":"product","link":"https:\/\/gce.eng.br\/index.php\/produto\/valvulas-de-retencao-pilotadas-g1-8\/","title":{"rendered":"V\u00e1lvulas de reten\u00e7\u00e3o pilotadas G1\/8&#8243;"},"content":{"rendered":"","protected":false},"excerpt":{"rendered":"","protected":false},"featured_media":863,"comment_status":"open","ping_status":"closed","template":"","meta":[],"product_cat":[46],"product_tag":[],"_links":{"self":[{"href":"https:\/\/gce.eng.br\/index.php\/wp-json\/wp\/v2\/product\/862"}],"collection":[{"href":"https:\/\/gce.eng.br\/index.php\/wp-json\/wp\/v2\/product"}],"about":[{"href":"https:\/\/gce.eng.br\/index.php\/wp-json\/wp\/v2\/types\/product"}],"replies":[{"embeddable":true,"href":"https:\/\/gce.eng.br\/index.php\/wp-json\/wp\/v2\/comments?post=862"}],"wp:featuredmedia":[{"embeddable":true,"href":"https:\/\/gce.eng.br\/index.php\/wp-json\/wp\/v2\/media\/863"}],"wp:attachment":[{"href":"https:\/\/gce.eng.br\/index.php\/wp-json\/wp\/v2\/media?parent=862"}],"wp:term":[{"taxonomy":"product_cat","embeddable":true,"href":"https:\/\/gce.eng.br\/index.php\/wp-json\/wp\/v2\/product_cat?post=862"},{"taxonomy":"product_tag","embeddable":true,"href":"https:\/\/gce.eng.br\/index.php\/wp-json\/wp\/v2\/product_tag?post=862"}],"curies":[{"name":"wp","href":"https:\/\/api.w.org\/{rel}","templated":true}]}}