{"id":836,"date":"2024-06-19T02:14:55","date_gmt":"2024-06-19T02:14:55","guid":{"rendered":"https:\/\/gce.eng.br\/?post_type=product&#038;p=836"},"modified":"2024-06-19T02:14:55","modified_gmt":"2024-06-19T02:14:55","slug":"estacao-dn-vm15-b-4-posicoes-s-s","status":"publish","type":"product","link":"https:\/\/gce.eng.br\/index.php\/produto\/estacao-dn-vm15-b-4-posicoes-s-s\/","title":{"rendered":"Esta\u00e7\u00e3o DN VM15-B 4 posi\u00e7\u00f5es S.S."},"content":{"rendered":"","protected":false},"excerpt":{"rendered":"<div>\n<h6><strong>Conex\u00e3o<\/strong><\/h6>\n<h6>G3\/8&#8243;<\/h6>\n<\/div>\n<div>\n<h6><strong>S\u00e9rie<\/strong><\/h6>\n<h6>S\u00e9rie VM15-B<\/h6>\n<\/div>\n<div>\n<h6><strong>Tipo<\/strong><\/h6>\n<h6>4 posi\u00e7\u00f5es de v\u00e1lvulas, simples solen\u00f3ide<\/h6>\n<\/div>\n","protected":false},"featured_media":837,"comment_status":"open","ping_status":"closed","template":"","meta":[],"product_cat":[42],"product_tag":[],"_links":{"self":[{"href":"https:\/\/gce.eng.br\/index.php\/wp-json\/wp\/v2\/product\/836"}],"collection":[{"href":"https:\/\/gce.eng.br\/index.php\/wp-json\/wp\/v2\/product"}],"about":[{"href":"https:\/\/gce.eng.br\/index.php\/wp-json\/wp\/v2\/types\/product"}],"replies":[{"embeddable":true,"href":"https:\/\/gce.eng.br\/index.php\/wp-json\/wp\/v2\/comments?post=836"}],"wp:featuredmedia":[{"embeddable":true,"href":"https:\/\/gce.eng.br\/index.php\/wp-json\/wp\/v2\/media\/837"}],"wp:attachment":[{"href":"https:\/\/gce.eng.br\/index.php\/wp-json\/wp\/v2\/media?parent=836"}],"wp:term":[{"taxonomy":"product_cat","embeddable":true,"href":"https:\/\/gce.eng.br\/index.php\/wp-json\/wp\/v2\/product_cat?post=836"},{"taxonomy":"product_tag","embeddable":true,"href":"https:\/\/gce.eng.br\/index.php\/wp-json\/wp\/v2\/product_tag?post=836"}],"curies":[{"name":"wp","href":"https:\/\/api.w.org\/{rel}","templated":true}]}}