{"id":800,"date":"2024-06-19T01:58:58","date_gmt":"2024-06-19T01:58:58","guid":{"rendered":"https:\/\/gce.eng.br\/?post_type=product&#038;p=800"},"modified":"2024-06-19T01:58:59","modified_gmt":"2024-06-19T01:58:59","slug":"valvula-vs1-com-monitoramento-de-atuacao-24v-50-60hz","status":"publish","type":"product","link":"https:\/\/gce.eng.br\/index.php\/produto\/valvula-vs1-com-monitoramento-de-atuacao-24v-50-60hz\/","title":{"rendered":"V\u00e1lvula VS1 com monitoramento de atua\u00e7\u00e3o, 24V 50\/60Hz"},"content":{"rendered":"","protected":false},"excerpt":{"rendered":"<div>\n<h6><strong>Conex\u00e3o<\/strong><\/h6>\n<h6>G1\/4&#8243;<\/h6>\n<\/div>\n<div>\n<h6><strong>Fun\u00e7\u00e3o<\/strong><\/h6>\n<h6>5\/2<\/h6>\n<\/div>\n<div>\n<h6><strong>S\u00e9rie<\/strong><\/h6>\n<h6>S\u00e9rie VS1 com monitoramento de atua\u00e7\u00e3o<\/h6>\n<\/div>\n<div>\n<h6><strong>Tamanho<\/strong><\/h6>\n<h6>ISO 1<\/h6>\n<\/div>\n<div>\n<h6><strong>Tens\u00e3o<\/strong><\/h6>\n<h6>24V &#8211; 50\/60Hz<\/h6>\n<\/div>\n<div>\n<h6><strong>Tipo<\/strong><\/h6>\n<h6>Eletrov\u00e1lvula 5\/2 retorno por mola com monitoramento direto de atua\u00e7\u00e3o<\/h6>\n<\/div>\n","protected":false},"featured_media":801,"comment_status":"open","ping_status":"closed","template":"","meta":[],"product_cat":[38],"product_tag":[],"_links":{"self":[{"href":"https:\/\/gce.eng.br\/index.php\/wp-json\/wp\/v2\/product\/800"}],"collection":[{"href":"https:\/\/gce.eng.br\/index.php\/wp-json\/wp\/v2\/product"}],"about":[{"href":"https:\/\/gce.eng.br\/index.php\/wp-json\/wp\/v2\/types\/product"}],"replies":[{"embeddable":true,"href":"https:\/\/gce.eng.br\/index.php\/wp-json\/wp\/v2\/comments?post=800"}],"wp:featuredmedia":[{"embeddable":true,"href":"https:\/\/gce.eng.br\/index.php\/wp-json\/wp\/v2\/media\/801"}],"wp:attachment":[{"href":"https:\/\/gce.eng.br\/index.php\/wp-json\/wp\/v2\/media?parent=800"}],"wp:term":[{"taxonomy":"product_cat","embeddable":true,"href":"https:\/\/gce.eng.br\/index.php\/wp-json\/wp\/v2\/product_cat?post=800"},{"taxonomy":"product_tag","embeddable":true,"href":"https:\/\/gce.eng.br\/index.php\/wp-json\/wp\/v2\/product_tag?post=800"}],"curies":[{"name":"wp","href":"https:\/\/api.w.org\/{rel}","templated":true}]}}