{"id":745,"date":"2024-06-19T01:23:44","date_gmt":"2024-06-19T01:23:44","guid":{"rendered":"https:\/\/gce.eng.br\/?post_type=product&#038;p=745"},"modified":"2024-06-19T01:23:44","modified_gmt":"2024-06-19T01:23:44","slug":"cabecote-de-comando-eletropneumatico-3-2nf-15mm-220-230v-50-60hz","status":"publish","type":"product","link":"https:\/\/gce.eng.br\/index.php\/produto\/cabecote-de-comando-eletropneumatico-3-2nf-15mm-220-230v-50-60hz\/","title":{"rendered":"Cabe\u00e7ote de comando eletropneum\u00e1tico 3\/2NF 15mm &#8211; 220\/230V &#8211; 50\/60Hz"},"content":{"rendered":"<div>\n<h6><strong>Fun\u00e7\u00e3o<\/strong><\/h6>\n<h6>3\/2<\/h6>\n<\/div>\n<div>\n<h6><strong>S\u00e9rie<\/strong><\/h6>\n<h6>S\u00e9rie 15<\/h6>\n<\/div>\n<div>\n<h6><strong>Tens\u00e3o<\/strong><\/h6>\n<h6>220\/230V &#8211; 50\/60Hz<\/h6>\n<\/div>\n<div>\n<h6><strong>Tipo<\/strong><\/h6>\n<h6>Cabe\u00e7ote de comando eletropneum\u00e1tico 3\/2 normal fechada<\/h6>\n<\/div>\n","protected":false},"excerpt":{"rendered":"<p>Fun\u00e7\u00e3o 3\/2 S\u00e9rie S\u00e9rie 15 Tens\u00e3o 220\/230V &#8211; 50\/60Hz Tipo Cabe\u00e7ote de comando eletropneum\u00e1tico 3\/2 normal fechada<\/p>\n","protected":false},"featured_media":746,"comment_status":"open","ping_status":"closed","template":"","meta":[],"product_cat":[35],"product_tag":[],"_links":{"self":[{"href":"https:\/\/gce.eng.br\/index.php\/wp-json\/wp\/v2\/product\/745"}],"collection":[{"href":"https:\/\/gce.eng.br\/index.php\/wp-json\/wp\/v2\/product"}],"about":[{"href":"https:\/\/gce.eng.br\/index.php\/wp-json\/wp\/v2\/types\/product"}],"replies":[{"embeddable":true,"href":"https:\/\/gce.eng.br\/index.php\/wp-json\/wp\/v2\/comments?post=745"}],"wp:featuredmedia":[{"embeddable":true,"href":"https:\/\/gce.eng.br\/index.php\/wp-json\/wp\/v2\/media\/746"}],"wp:attachment":[{"href":"https:\/\/gce.eng.br\/index.php\/wp-json\/wp\/v2\/media?parent=745"}],"wp:term":[{"taxonomy":"product_cat","embeddable":true,"href":"https:\/\/gce.eng.br\/index.php\/wp-json\/wp\/v2\/product_cat?post=745"},{"taxonomy":"product_tag","embeddable":true,"href":"https:\/\/gce.eng.br\/index.php\/wp-json\/wp\/v2\/product_tag?post=745"}],"curies":[{"name":"wp","href":"https:\/\/api.w.org\/{rel}","templated":true}]}}