{"id":703,"date":"2024-06-02T23:10:52","date_gmt":"2024-06-02T23:10:52","guid":{"rendered":"https:\/\/gce.eng.br\/?post_type=product&#038;p=703"},"modified":"2024-06-02T23:11:14","modified_gmt":"2024-06-02T23:11:14","slug":"eletrovalvulas-direcionais-com-modo-de-protecao-encapsulado-m","status":"publish","type":"product","link":"https:\/\/gce.eng.br\/index.php\/produto\/eletrovalvulas-direcionais-com-modo-de-protecao-encapsulado-m\/","title":{"rendered":"Eletrov\u00e1lvulas direcionais com modo de prote\u00e7\u00e3o encapsulado &#8220;m&#8221;"},"content":{"rendered":"<p>Conjunto de comando eletroneum\u00e1tico, 3\/2 normal fechado, com modo de prote\u00e7\u00e3o encapsulado &#8220;m&#8221;<\/p>\n","protected":false},"excerpt":{"rendered":"<div class=\"row\">\n<div class=\"col-12\">\n<p><strong>Descri\u00e7\u00e3o:<\/strong><\/p>\n<h6>Conjunto de comando eletroneum\u00e1tico, 3\/2 normal fechado, com modo de prote\u00e7\u00e3o encapsulado &#8220;m&#8221;<\/h6>\n<hr \/>\n<\/div>\n<\/div>\n<div class=\"row\">\n<div class=\"col-12 col-md-6 col-lg-6\">\n<h6><strong>S\u00e9rie<\/strong><\/h6>\n<h6>Eletrov\u00e1lvulas com modo de prote\u00e7\u00e3o encapsulado &#8220;m&#8221;<\/h6>\n<\/div>\n<div class=\"col-12 col-md-6 col-lg-6\">\n<h6><strong>Press\u00e3o do trabalho<\/strong><\/h6>\n<h6>0,5\u20268 bar<\/h6>\n<\/div>\n<\/div>\n","protected":false},"featured_media":702,"comment_status":"open","ping_status":"closed","template":"","meta":[],"product_cat":[33],"product_tag":[],"_links":{"self":[{"href":"https:\/\/gce.eng.br\/index.php\/wp-json\/wp\/v2\/product\/703"}],"collection":[{"href":"https:\/\/gce.eng.br\/index.php\/wp-json\/wp\/v2\/product"}],"about":[{"href":"https:\/\/gce.eng.br\/index.php\/wp-json\/wp\/v2\/types\/product"}],"replies":[{"embeddable":true,"href":"https:\/\/gce.eng.br\/index.php\/wp-json\/wp\/v2\/comments?post=703"}],"wp:featuredmedia":[{"embeddable":true,"href":"https:\/\/gce.eng.br\/index.php\/wp-json\/wp\/v2\/media\/702"}],"wp:attachment":[{"href":"https:\/\/gce.eng.br\/index.php\/wp-json\/wp\/v2\/media?parent=703"}],"wp:term":[{"taxonomy":"product_cat","embeddable":true,"href":"https:\/\/gce.eng.br\/index.php\/wp-json\/wp\/v2\/product_cat?post=703"},{"taxonomy":"product_tag","embeddable":true,"href":"https:\/\/gce.eng.br\/index.php\/wp-json\/wp\/v2\/product_tag?post=703"}],"curies":[{"name":"wp","href":"https:\/\/api.w.org\/{rel}","templated":true}]}}