{"id":695,"date":"2024-05-03T14:51:40","date_gmt":"2024-05-03T14:51:40","guid":{"rendered":"https:\/\/gce.eng.br\/?post_type=product&#038;p=695"},"modified":"2024-05-03T14:51:40","modified_gmt":"2024-05-03T14:51:40","slug":"serie-jm-c3-svp-2","status":"publish","type":"product","link":"https:\/\/gce.eng.br\/index.php\/produto\/serie-jm-c3-svp-2\/","title":{"rendered":"S\u00e9rie JM-C3-SVP\/2"},"content":{"rendered":"<div class=\"elementor-element elementor-element-7906bb1 custom-title-2 underline elementor-widget__width-auto elementor-widget elementor-widget-heading\" data-id=\"7906bb1\" data-element_type=\"widget\" data-widget_type=\"heading.default\">\n<div class=\"elementor-widget-container\">\n<h2 class=\"elementor-heading-title elementor-size-default\">Precis\u00e3o \u2013 Efici\u00eancia Energ\u00e9tica<\/h2>\n<\/div>\n<\/div>\n<div class=\"elementor-element elementor-element-09ced81 custom-title-6 elementor-widget elementor-widget-heading\" data-id=\"09ced81\" data-element_type=\"widget\" data-widget_type=\"heading.default\">\n<div class=\"elementor-widget-container\">\n<h2 class=\"elementor-heading-title elementor-size-default\">Combinando Design Tradicional com Inova\u00e7\u00f5es em Energia<\/h2>\n<\/div>\n<\/div>\n<div class=\"elementor-element elementor-element-2a65e0b elementor-widget elementor-widget-spacer\" data-id=\"2a65e0b\" data-element_type=\"widget\" data-widget_type=\"spacer.default\">\n<div class=\"elementor-widget-container\">\n<div class=\"elementor-spacer\">\n<div class=\"elementor-spacer-inner\"><\/div>\n<\/div>\n<\/div>\n<\/div>\n<div class=\"elementor-element elementor-element-9feb640 elementor-widget elementor-widget-text-editor\" data-id=\"9feb640\" data-element_type=\"widget\" data-widget_type=\"text-editor.default\">\n<div class=\"elementor-widget-container\">A s\u00e9rie C\u00b3 de maquinas articuladas (joelho) herdaram a confiabilidade do desenho tradicional mantendo as vantagens. Integradas, pela primeira vez, com a \u00faltima tecnologia em controladores e transmiss\u00e3o, tornando o utilit\u00e1rio A economia de energia e pot\u00eancia, a manuten\u00e7\u00e3o da press\u00e3o, s\u00e3o ainda mais inigual\u00e1veis.<\/div>\n<\/div>\n<div><\/div>\n<div>\n<div class=\"elementor-element elementor-element-3d9ca47 e-flex e-con-boxed e-con e-child\" data-id=\"3d9ca47\" data-element_type=\"container\" data-settings=\"{&quot;content_width&quot;:&quot;boxed&quot;}\">\n<div class=\"e-con-inner\">\n<div class=\"elementor-element elementor-element-f1432e7 custom-title-2 underline elementor-widget__width-auto elementor-widget elementor-widget-heading\" data-id=\"f1432e7\" data-element_type=\"widget\" data-widget_type=\"heading.default\">\n<div class=\"elementor-widget-container\">\n<h2 class=\"elementor-heading-title elementor-size-default\">Controlador:<\/h2>\n<\/div>\n<\/div>\n<div class=\"elementor-element elementor-element-3f21cbe pd-text pd-list bklist elementor-widget elementor-widget-text-editor\" data-id=\"3f21cbe\" data-element_type=\"widget\" data-widget_type=\"text-editor.default\">\n<div class=\"elementor-widget-container\">\n<ul>\n<li><span class=\"pd-list-number\">1<\/span>Controlador B&amp;R \u2013 Austria<\/li>\n<\/ul>\n<p>O famoso controlador B&amp;R customizado para maquinas JM.<\/p><\/div>\n<\/div>\n<div class=\"elementor-element elementor-element-f3a6b87 pd-text pd-list bklist elementor-widget elementor-widget-text-editor\" data-id=\"f3a6b87\" data-element_type=\"widget\" data-widget_type=\"text-editor.default\">\n<div class=\"elementor-widget-container\">\n<ul>\n<li><span class=\"pd-list-number\">2<\/span>Display de 10 Polegadas de F\u00e1cil Uso<\/li>\n<\/ul>\n<p>A tela vertical de 10 polegadas provem uma opera\u00e7\u00e3o interativa homem maquina e uma lista compreensiva de regulagens e op\u00e7\u00f5es.<\/p><\/div>\n<\/div>\n<div class=\"elementor-element elementor-element-6dce674 pd-text pd-list bklist elementor-widget elementor-widget-text-editor\" data-id=\"6dce674\" data-element_type=\"widget\" data-widget_type=\"text-editor.default\">\n<div class=\"elementor-widget-container\">\n<ul>\n<li><span class=\"pd-list-number\">3<\/span>Sistema de Controle Inteligente<\/li>\n<\/ul>\n<p>Uma CAN-BUS base program\u00e1vel I\/O criando uma r\u00e1pida resposta e confiabilidade.<\/p><\/div>\n<\/div>\n<\/div>\n<\/div>\n<div class=\"elementor-element elementor-element-1870110 e-flex e-con-boxed e-con e-child\" data-id=\"1870110\" data-element_type=\"container\" data-settings=\"{&quot;content_width&quot;:&quot;boxed&quot;}\">\n<div class=\"e-con-inner\">\n<div class=\"elementor-element elementor-element-004e58e pd-text pd-list bklist elementor-widget elementor-widget-text-editor\" data-id=\"004e58e\" data-element_type=\"widget\" data-widget_type=\"text-editor.default\">\n<div class=\"elementor-widget-container\">\n<ul>\n<li><span class=\"pd-list-number\">4<\/span>Flexibilidade<\/li>\n<\/ul>\n<p>I\/O isolado e expans\u00edvel, para especiais opera\u00e7\u00f5es\/op\u00e7\u00f5es\/automa\u00e7\u00f5es.<\/p><\/div>\n<\/div>\n<div class=\"elementor-element elementor-element-c5cca5b pd-text pd-list bklist elementor-widget elementor-widget-text-editor\" data-id=\"c5cca5b\" data-element_type=\"widget\" data-widget_type=\"text-editor.default\">\n<div class=\"elementor-widget-container\">\n<ul>\n<li><span class=\"pd-list-number\">5<\/span>Memoriza\u00e7\u00e3o de Par\u00e2metros<\/li>\n<\/ul>\n<p>Quantidade ilimitada de mem\u00f3ria para moldes com um pen drive.<\/p><\/div>\n<\/div>\n<div class=\"elementor-element elementor-element-56bc572 pd-text pd-list bklist elementor-widget elementor-widget-text-editor\" data-id=\"56bc572\" data-element_type=\"widget\" data-widget_type=\"text-editor.default\">\n<div class=\"elementor-widget-container\">\n<ul>\n<li><span class=\"pd-list-number\">6<\/span>Relat\u00f3rios Avan\u00e7ados<\/li>\n<\/ul>\n<p>Provem v\u00e1rios tipos de relat\u00f3rios como de alarmes, produ\u00e7\u00e3o, regulagens, entradas de regulagens operacionais.<\/p><\/div>\n<\/div>\n<div class=\"elementor-element elementor-element-5892b4d pd-text pd-list bklist elementor-widget elementor-widget-text-editor\" data-id=\"5892b4d\" data-element_type=\"widget\" data-widget_type=\"text-editor.default\">\n<div class=\"elementor-widget-container\">\n<ul>\n<li><span class=\"pd-list-number\">7<\/span>Pronto Para Comunica\u00e7\u00e3o em Rede<\/li>\n<\/ul>\n<p>Pronto para ser conectado a uma base de servi\u00e7o na nuvem, participando do IOT desde o n\u00edvel mais fundamental.<\/p><\/div>\n<div><\/div>\n<\/div>\n<\/div>\n<\/div>\n<\/div>\n","protected":false},"excerpt":{"rendered":"<p>Precis\u00e3o \u2013 Efici\u00eancia Energ\u00e9tica Combinando Design Tradicional com Inova\u00e7\u00f5es em Energia A s\u00e9rie C\u00b3 de maquinas articuladas (joelho) herdaram a confiabilidade do desenho tradicional mantendo as vantagens. Integradas, pela primeira vez, com a \u00faltima tecnologia em controladores e transmiss\u00e3o, tornando o utilit\u00e1rio A economia de energia e pot\u00eancia, a manuten\u00e7\u00e3o da press\u00e3o, s\u00e3o ainda mais [&hellip;]<\/p>\n","protected":false},"featured_media":696,"comment_status":"open","ping_status":"closed","template":"","meta":[],"product_cat":[117],"product_tag":[],"_links":{"self":[{"href":"https:\/\/gce.eng.br\/index.php\/wp-json\/wp\/v2\/product\/695"}],"collection":[{"href":"https:\/\/gce.eng.br\/index.php\/wp-json\/wp\/v2\/product"}],"about":[{"href":"https:\/\/gce.eng.br\/index.php\/wp-json\/wp\/v2\/types\/product"}],"replies":[{"embeddable":true,"href":"https:\/\/gce.eng.br\/index.php\/wp-json\/wp\/v2\/comments?post=695"}],"wp:featuredmedia":[{"embeddable":true,"href":"https:\/\/gce.eng.br\/index.php\/wp-json\/wp\/v2\/media\/696"}],"wp:attachment":[{"href":"https:\/\/gce.eng.br\/index.php\/wp-json\/wp\/v2\/media?parent=695"}],"wp:term":[{"taxonomy":"product_cat","embeddable":true,"href":"https:\/\/gce.eng.br\/index.php\/wp-json\/wp\/v2\/product_cat?post=695"},{"taxonomy":"product_tag","embeddable":true,"href":"https:\/\/gce.eng.br\/index.php\/wp-json\/wp\/v2\/product_tag?post=695"}],"curies":[{"name":"wp","href":"https:\/\/api.w.org\/{rel}","templated":true}]}}