{"id":693,"date":"2024-05-03T14:49:51","date_gmt":"2024-05-03T14:49:51","guid":{"rendered":"https:\/\/gce.eng.br\/?post_type=product&#038;p=693"},"modified":"2024-05-03T14:49:51","modified_gmt":"2024-05-03T14:49:51","slug":"serie-speed-um-passeio-na-poeira-venha-para-a-incrivel-velocidade-do-supremo","status":"publish","type":"product","link":"https:\/\/gce.eng.br\/index.php\/produto\/serie-speed-um-passeio-na-poeira-venha-para-a-incrivel-velocidade-do-supremo\/","title":{"rendered":"S\u00e9rie SPEED Um passeio na poeira \u2013 Venha para a incr\u00edvel velocidade do supremo!"},"content":{"rendered":"<div class=\"elementor-element elementor-element-19cf00ea custom-title-2 underline elementor-widget__width-auto elementor-widget elementor-widget-heading\" data-id=\"19cf00ea\" data-element_type=\"widget\" data-widget_type=\"heading.default\">\n<div class=\"elementor-widget-container\">\n<h2 class=\"elementor-heading-title elementor-size-default\">Precis\u00e3o e Efici\u00eancia em Moldagem por Inje\u00e7\u00e3o<\/h2>\n<\/div>\n<\/div>\n<div class=\"elementor-element elementor-element-f343ee4 custom-title-6 elementor-widget elementor-widget-heading\" data-id=\"f343ee4\" data-element_type=\"widget\" data-widget_type=\"heading.default\">\n<div class=\"elementor-widget-container\">\n<h2 class=\"elementor-heading-title elementor-size-default\">Tailored for thin-walled and packaged injection products!<\/h2>\n<\/div>\n<\/div>\n<div class=\"elementor-element elementor-element-4d27f465 elementor-widget elementor-widget-spacer\" data-id=\"4d27f465\" data-element_type=\"widget\" data-widget_type=\"spacer.default\">\n<div class=\"elementor-widget-container\">\n<div class=\"elementor-spacer\">\n<div class=\"elementor-spacer-inner\"><\/div>\n<\/div>\n<\/div>\n<\/div>\n<div class=\"elementor-element elementor-element-4a35faea elementor-widget elementor-widget-text-editor\" data-id=\"4a35faea\" data-element_type=\"widget\" data-widget_type=\"text-editor.default\">\n<div class=\"elementor-widget-container\">A serie Speed \u00e9 baseada na tecnologia Japonesa \u201cPrecision Hydraulic Technology\u201d e \u201cHigh Steady Control Techonology\u201d, na qual se atinge uma perfeita combina\u00e7\u00e3o de \u00f3leo, eletricidade e maquin\u00e1rio. Tudo \u00e9 natural: n\u00e3o temos servo v\u00e1lvulas na maquina, sem acumulador de nitrog\u00eanio, mas n\u00e3o usar acumulador de nitrog\u00eanio n\u00e3o significa que n\u00e3o podemos atingir uma real alta velocidade. Bem vindos e experimente isto voces mesmos. Isto \u00e9 incr\u00edvel de ser apreciado nestas<\/div>\n<\/div>\n<div><\/div>\n<div>\n<div class=\"elementor-element elementor-element-2fd7ecc5 e-flex e-con-boxed e-con e-child\" data-id=\"2fd7ecc5\" data-element_type=\"container\" data-settings=\"{&quot;content_width&quot;:&quot;boxed&quot;}\">\n<div class=\"e-con-inner\">\n<div class=\"elementor-element elementor-element-12c82ffa custom-title-2 underline elementor-widget__width-auto elementor-widget elementor-widget-heading\" data-id=\"12c82ffa\" data-element_type=\"widget\" data-widget_type=\"heading.default\">\n<div class=\"elementor-widget-container\">\n<h2 class=\"elementor-heading-title elementor-size-default\">Principais Vantagens das Maquinas Speed:<\/h2>\n<\/div>\n<\/div>\n<div class=\"elementor-element elementor-element-210a502d pd-text pd-list bklist elementor-widget elementor-widget-text-editor\" data-id=\"210a502d\" data-element_type=\"widget\" data-widget_type=\"text-editor.default\">\n<div class=\"elementor-widget-container\">\n<ul>\n<li><span class=\"pd-list-number\">1<\/span>Design Mec\u00e2nico Japon\u00eas de Classe Mundial<\/li>\n<\/ul>\n<\/div>\n<\/div>\n<div class=\"elementor-element elementor-element-966c4fd elementor-widget elementor-widget-text-editor\" data-id=\"966c4fd\" data-element_type=\"widget\" data-widget_type=\"text-editor.default\">\n<div class=\"elementor-widget-container\">\n<p><strong>Curva de movimento superior<\/strong><br \/>\nUm time de experts Japoneses utilizaram o \u00faltimo conceito em desenho, alinhaddos com as melhores curvas de movimentos do mundo, para diminuir a fric\u00e7\u00e3o e colis\u00e3o entre as partes na maior medida.<br \/>\nSimulando o angulo de articula\u00e7\u00e3o do mecanismo garante que os quatros tirantes s\u00e3o for\u00e7ados a se extenderem.<\/p>\n<p>M\u00e9dia absoluta, as placas s\u00e3o absolutamente paralelas, eliminando rebarbas e desgaste da articula\u00e7\u00f5es da maquina.<br \/>\nA maquina toda se movimenta suavemente e sem vibra\u00e7\u00e3o, que n\u00e3o somente melhora a eficiencia de energia, mas tamb\u00e9m prolonga a viada \u00fatil da maquina e molde, reduzindo os tempos de maquina parada por acidentesou pe\u00e7as falhadas.<\/p>\n<\/div>\n<\/div>\n<\/div>\n<\/div>\n<div class=\"elementor-element elementor-element-3d962309 e-flex e-con-boxed e-con e-child\" data-id=\"3d962309\" data-element_type=\"container\" data-settings=\"{&quot;content_width&quot;:&quot;boxed&quot;}\">\n<div class=\"e-con-inner\">\n<div class=\"elementor-element elementor-element-2a9e48b1 pd-text pd-list bklist elementor-widget elementor-widget-text-editor\" data-id=\"2a9e48b1\" data-element_type=\"widget\" data-widget_type=\"text-editor.default\">\n<div class=\"elementor-widget-container\">\n<ul>\n<li><span class=\"pd-list-number\">2<\/span>Plataforma de Guia Linear de Alta Dureza<\/li>\n<\/ul>\n<\/div>\n<\/div>\n<div class=\"elementor-element elementor-element-a2a2a2c elementor-widget elementor-widget-text-editor\" data-id=\"a2a2a2c\" data-element_type=\"widget\" data-widget_type=\"text-editor.default\">\n<div class=\"elementor-widget-container\">\n<p><strong>Indo em encontro dos restritos requerimentos de extremas velocidades de inje\u00e7\u00e3o.<\/strong><\/p>\n<p>As guias lineares de alta dureza garantem a menor press\u00e3o inicial na goma de inje\u00e7\u00e3o, a suavidade da plataforma de inje\u00e7\u00e3o, r\u00e1pido inicio, r\u00e1pida acelera\u00e7\u00e3o e posi\u00e7\u00e3o de parada.<br \/>\nEmbora os tiros de inje\u00e7\u00e3o sejam mantidos absolutamente paralelos durante a ultra alta velocidade de movimentos a alta acuracidade e repetibilidade dos tiros de inje\u00e7\u00e3o s\u00e3o garantidas.<\/p>\n<\/div>\n<\/div>\n<div class=\"elementor-element elementor-element-4c97b2b pd-text pd-list bklist elementor-widget elementor-widget-text-editor\" data-id=\"4c97b2b\" data-element_type=\"widget\" data-widget_type=\"text-editor.default\">\n<div class=\"elementor-widget-container\">\n<ul>\n<li><span class=\"pd-list-number\">3<\/span>Precision Hydraulics\u00ae<\/li>\n<\/ul>\n<\/div>\n<\/div>\n<div class=\"elementor-element elementor-element-c2ad4e5 elementor-widget elementor-widget-text-editor\" data-id=\"c2ad4e5\" data-element_type=\"widget\" data-widget_type=\"text-editor.default\">\n<div class=\"elementor-widget-container\">\n<p>O melhor time de experts Japoneses come\u00e7aram a testar o circuito hidr\u00e1ulico pelo tempo dos sessenta anos de Zhenxiong, juntamente com o mais recente e avan\u00e7ado software de simula\u00e7\u00e3o de din\u00e2mica de fluidos hidr\u00e1ulicos para otimizar todo o circuito de \u00f3leo perto da perfei\u00e7\u00e3o.<\/p>\n<p>O controle hidr\u00e1ulico atingiu uma inacredit\u00e1vel suavidade, confiabilidade e velocidade alcan\u00e7ando o estado ideal do \u201c<strong>rapido, resistente, sedoso e solido como uma rocha<\/strong>\u201c.<\/p>\n<p>&nbsp;<\/p>\n<\/div>\n<\/div>\n<\/div>\n<\/div>\n<\/div>\n","protected":false},"excerpt":{"rendered":"<p>Precis\u00e3o e Efici\u00eancia em Moldagem por Inje\u00e7\u00e3o Tailored for thin-walled and packaged injection products! A serie Speed \u00e9 baseada na tecnologia Japonesa \u201cPrecision Hydraulic Technology\u201d e \u201cHigh Steady Control Techonology\u201d, na qual se atinge uma perfeita combina\u00e7\u00e3o de \u00f3leo, eletricidade e maquin\u00e1rio. Tudo \u00e9 natural: n\u00e3o temos servo v\u00e1lvulas na maquina, sem acumulador de nitrog\u00eanio, [&hellip;]<\/p>\n","protected":false},"featured_media":694,"comment_status":"open","ping_status":"closed","template":"","meta":[],"product_cat":[116],"product_tag":[],"_links":{"self":[{"href":"https:\/\/gce.eng.br\/index.php\/wp-json\/wp\/v2\/product\/693"}],"collection":[{"href":"https:\/\/gce.eng.br\/index.php\/wp-json\/wp\/v2\/product"}],"about":[{"href":"https:\/\/gce.eng.br\/index.php\/wp-json\/wp\/v2\/types\/product"}],"replies":[{"embeddable":true,"href":"https:\/\/gce.eng.br\/index.php\/wp-json\/wp\/v2\/comments?post=693"}],"wp:featuredmedia":[{"embeddable":true,"href":"https:\/\/gce.eng.br\/index.php\/wp-json\/wp\/v2\/media\/694"}],"wp:attachment":[{"href":"https:\/\/gce.eng.br\/index.php\/wp-json\/wp\/v2\/media?parent=693"}],"wp:term":[{"taxonomy":"product_cat","embeddable":true,"href":"https:\/\/gce.eng.br\/index.php\/wp-json\/wp\/v2\/product_cat?post=693"},{"taxonomy":"product_tag","embeddable":true,"href":"https:\/\/gce.eng.br\/index.php\/wp-json\/wp\/v2\/product_tag?post=693"}],"curies":[{"name":"wp","href":"https:\/\/api.w.org\/{rel}","templated":true}]}}