{"id":691,"date":"2024-05-03T14:48:25","date_gmt":"2024-05-03T14:48:25","guid":{"rendered":"https:\/\/gce.eng.br\/?post_type=product&#038;p=691"},"modified":"2024-05-03T14:48:25","modified_gmt":"2024-05-03T14:48:25","slug":"supermaster-avancada-maquina-injetora-de-duas-placas-com-servo-drive","status":"publish","type":"product","link":"https:\/\/gce.eng.br\/index.php\/produto\/supermaster-avancada-maquina-injetora-de-duas-placas-com-servo-drive\/","title":{"rendered":"Supermaster Avan\u00e7ada M\u00e1quina Injetora de Duas Placas com Servo Drive"},"content":{"rendered":"<div class=\"elementor-element elementor-element-286ec43 custom-title-3 elementor-widget elementor-widget-heading\" data-id=\"286ec43\" data-element_type=\"widget\" data-widget_type=\"heading.default\">\n<div class=\"elementor-widget-container\">\n<h4 class=\"elementor-heading-title elementor-size-default\">Non-StopTM<\/h4>\n<\/div>\n<\/div>\n<div class=\"elementor-element elementor-element-9b14b56 elementor-widget elementor-widget-text-editor\" data-id=\"9b14b56\" data-element_type=\"widget\" data-widget_type=\"text-editor.default\">\n<div class=\"elementor-widget-container\">Uma das nossas principais s\u00e9ries de maquinas, a SM TP \u00e9 uma perfeita combina\u00e7\u00e3o do know-how da Chen Hsong e a tecnologia da Mitsubishi \u201cNon-Stop\u2122\u201d. A estabilidade \u00fanica, a precis\u00e3o superior e repetibilidade eliminam o tempo de inatividade, reduzem tempo de manuten\u00e7\u00e3o e d\u00e3o a voce um melhor controle da sua programa\u00e7\u00e3o de produ\u00e7\u00e3o.<\/div>\n<\/div>\n<div class=\"elementor-element elementor-element-5628bde custom-title-3 elementor-widget elementor-widget-heading\" data-id=\"5628bde\" data-element_type=\"widget\" data-widget_type=\"heading.default\">\n<div class=\"elementor-widget-container\">\n<h4 class=\"elementor-heading-title elementor-size-default\">Provado &amp; Comprovado<\/h4>\n<\/div>\n<\/div>\n<div class=\"elementor-element elementor-element-d2175db elementor-widget elementor-widget-text-editor\" data-id=\"d2175db\" data-element_type=\"widget\" data-widget_type=\"text-editor.default\">\n<div class=\"elementor-widget-container\">Centenas de maquinas de SM 700 at\u00e9 SM 6500 ton est\u00e3o atualmente funcionando de forma confi\u00e1vel nas f\u00e1bricas dos nossos clientes ao redor do mundo. Elas entregam alta precis\u00e3o, alta estabilidade, alta velocidade e uma apurada prote\u00e7\u00e3o de molde.<\/div>\n<\/div>\n<div>\n<div class=\"elementor-element elementor-element-8905567 e-flex e-con-boxed e-con e-child\" data-id=\"8905567\" data-element_type=\"container\" data-settings=\"{&quot;content_width&quot;:&quot;boxed&quot;}\">\n<div class=\"e-con-inner\">\n<div class=\"elementor-element elementor-element-fc1d57c custom-title-2 underline elementor-widget__width-auto elementor-widget elementor-widget-heading\" data-id=\"fc1d57c\" data-element_type=\"widget\" data-widget_type=\"heading.default\">\n<div class=\"elementor-widget-container\">\n<h2 class=\"elementor-heading-title elementor-size-default\">Principais vantagens das m\u00e1quinas SM-TP.<\/h2>\n<\/div>\n<\/div>\n<div class=\"elementor-element elementor-element-80facfe pd-text pd-list bklist elementor-widget elementor-widget-text-editor\" data-id=\"80facfe\" data-element_type=\"widget\" data-widget_type=\"text-editor.default\">\n<div class=\"elementor-widget-container\">\n<ul>\n<li><span class=\"pd-list-number\">1<\/span>Incr\u00edvel Velocidade<\/li>\n<\/ul>\n<p>Velocidade de at\u00e9 700 mm\/s durante a abertura\/fechamento. SM 1900 TP: velocidade de ciclo seco de 6,6 seg. (EU6).<\/p><\/div>\n<\/div>\n<div class=\"elementor-element elementor-element-359d89d pd-text pd-list bklist elementor-widget elementor-widget-text-editor\" data-id=\"359d89d\" data-element_type=\"widget\" data-widget_type=\"text-editor.default\">\n<div class=\"elementor-widget-container\">\n<ul>\n<li><span class=\"pd-list-number\">2<\/span>Grande Abertura \u2013 Pouco Espa\u00e7o Ocupado<\/li>\n<\/ul>\n<p>O design aprimorado das m\u00e1quinas de duas placas permite uma m\u00e1xima abertura entre as placas com uma m\u00ednima ocupa\u00e7\u00e3o de espa\u00e7o. SM 1900 TP: abertura de 1,2 metros.<\/p><\/div>\n<\/div>\n<div class=\"elementor-element elementor-element-24ed152 pd-text pd-list bklist elementor-widget elementor-widget-text-editor\" data-id=\"24ed152\" data-element_type=\"widget\" data-widget_type=\"text-editor.default\">\n<div class=\"elementor-widget-container\">\n<ul>\n<li><span class=\"pd-list-number\">3<\/span>Servomotores de Alta Efici\u00eancia<\/li>\n<\/ul>\n<p>Reduzem o consumo de energia em 80%, oferecendo alta precis\u00e3o e um n\u00edvel de ru\u00eddo muito baixo.<\/p><\/div>\n<\/div>\n<\/div>\n<\/div>\n<div class=\"elementor-element elementor-element-c76ee5f e-flex e-con-boxed e-con e-child\" data-id=\"c76ee5f\" data-element_type=\"container\" data-settings=\"{&quot;content_width&quot;:&quot;boxed&quot;}\">\n<div class=\"e-con-inner\">\n<div class=\"elementor-element elementor-element-da2fa5f pd-text pd-list bklist elementor-widget elementor-widget-text-editor\" data-id=\"da2fa5f\" data-element_type=\"widget\" data-widget_type=\"text-editor.default\">\n<div class=\"elementor-widget-container\">\n<ul>\n<li><span class=\"pd-list-number\">4<\/span>Mix e Capacidade de Combina\u00e7\u00f5es \u00danicas<\/li>\n<\/ul>\n<p>Voc\u00ea pode selecionar 14 tamanhos diferentes de for\u00e7a de fechamento com 14 diferentes tamanhos de unidade de inje\u00e7\u00e3o.<\/p><\/div>\n<\/div>\n<div class=\"elementor-element elementor-element-db615bc pd-text pd-list bklist elementor-widget elementor-widget-text-editor\" data-id=\"db615bc\" data-element_type=\"widget\" data-widget_type=\"text-editor.default\">\n<div class=\"elementor-widget-container\">\n<ul>\n<li><span class=\"pd-list-number\">5<\/span>Sistema de Travamento Patenteado<\/li>\n<\/ul>\n<p>O mecanismo de travamento patenteado da Chen Hsong proporciona um movimento silencioso, suave, preciso e est\u00e1vel.<\/p><\/div>\n<\/div>\n<div class=\"elementor-element elementor-element-90ee0f2 pd-text pd-list bklist elementor-widget elementor-widget-text-editor\" data-id=\"90ee0f2\" data-element_type=\"widget\" data-widget_type=\"text-editor.default\">\n<div class=\"elementor-widget-container\">\n<ul>\n<li><span class=\"pd-list-number\">6<\/span>Precis\u00e3o Inigual\u00e1vel \u2013 Hidr\u00e1ulica Avan\u00e7ada<\/li>\n<\/ul>\n<p>A incompar\u00e1vel tecnologia japonesa \u201cPrecision Hydraulic Technology\u201d garante acelera\u00e7\u00e3o r\u00e1pida e suave, parada precisa e paralelismo perfeito, mesmo em altas velocidades de movimento.<\/p><\/div>\n<\/div>\n<div class=\"elementor-element elementor-element-1a47287 pd-text pd-list bklist elementor-widget elementor-widget-text-editor\" data-id=\"1a47287\" data-element_type=\"widget\" data-widget_type=\"text-editor.default\">\n<div class=\"elementor-widget-container\">\n<ul>\n<li><span class=\"pd-list-number\">7<\/span>Configura\u00e7\u00e3o R\u00e1pida<\/li>\n<\/ul>\n<p>R\u00e1pida regulagem da altura e fixa\u00e7\u00e3o do molde gra\u00e7as \u00e0 tecnologia de montagem. (Ajuste de altura da matriz em apenas 20 segundos).<\/p><\/div>\n<div><\/div>\n<\/div>\n<\/div>\n<\/div>\n<\/div>\n","protected":false},"excerpt":{"rendered":"<p>Non-StopTM Uma das nossas principais s\u00e9ries de maquinas, a SM TP \u00e9 uma perfeita combina\u00e7\u00e3o do know-how da Chen Hsong e a tecnologia da Mitsubishi \u201cNon-Stop\u2122\u201d. A estabilidade \u00fanica, a precis\u00e3o superior e repetibilidade eliminam o tempo de inatividade, reduzem tempo de manuten\u00e7\u00e3o e d\u00e3o a voce um melhor controle da sua programa\u00e7\u00e3o de produ\u00e7\u00e3o. [&hellip;]<\/p>\n","protected":false},"featured_media":692,"comment_status":"open","ping_status":"closed","template":"","meta":[],"product_cat":[115],"product_tag":[],"_links":{"self":[{"href":"https:\/\/gce.eng.br\/index.php\/wp-json\/wp\/v2\/product\/691"}],"collection":[{"href":"https:\/\/gce.eng.br\/index.php\/wp-json\/wp\/v2\/product"}],"about":[{"href":"https:\/\/gce.eng.br\/index.php\/wp-json\/wp\/v2\/types\/product"}],"replies":[{"embeddable":true,"href":"https:\/\/gce.eng.br\/index.php\/wp-json\/wp\/v2\/comments?post=691"}],"wp:featuredmedia":[{"embeddable":true,"href":"https:\/\/gce.eng.br\/index.php\/wp-json\/wp\/v2\/media\/692"}],"wp:attachment":[{"href":"https:\/\/gce.eng.br\/index.php\/wp-json\/wp\/v2\/media?parent=691"}],"wp:term":[{"taxonomy":"product_cat","embeddable":true,"href":"https:\/\/gce.eng.br\/index.php\/wp-json\/wp\/v2\/product_cat?post=691"},{"taxonomy":"product_tag","embeddable":true,"href":"https:\/\/gce.eng.br\/index.php\/wp-json\/wp\/v2\/product_tag?post=691"}],"curies":[{"name":"wp","href":"https:\/\/api.w.org\/{rel}","templated":true}]}}