{"id":689,"date":"2024-05-03T14:45:44","date_gmt":"2024-05-03T14:45:44","guid":{"rendered":"https:\/\/gce.eng.br\/?post_type=product&#038;p=689"},"modified":"2024-05-03T14:46:39","modified_gmt":"2024-05-03T14:46:39","slug":"serie-mk6","status":"publish","type":"product","link":"https:\/\/gce.eng.br\/index.php\/produto\/serie-mk6\/","title":{"rendered":"S\u00e9rie MK6"},"content":{"rendered":"<div class=\"elementor-element elementor-element-6438772 custom-title-3 elementor-widget elementor-widget-heading\" data-id=\"6438772\" data-element_type=\"widget\" data-widget_type=\"heading.default\">\n<div class=\"elementor-widget-container\">\n<h4 class=\"elementor-heading-title elementor-size-default\">98% de \u00cdndice de Repeti\u00e7\u00e3o de Compra<\/h4>\n<\/div>\n<\/div>\n<div class=\"elementor-element elementor-element-2c7f7fc elementor-widget elementor-widget-text-editor\" data-id=\"2c7f7fc\" data-element_type=\"widget\" data-widget_type=\"text-editor.default\">\n<div class=\"elementor-widget-container\">\n<p>A s\u00e9rie MK6 representa a sexta gera\u00e7\u00e3o da imensamente popular JETMASTER Series.<\/p>\n<p>Liderados por uma equipe de engenheiros Japoneses, o mecanismo de fechamento, a base da maquina e a unidade de inje\u00e7\u00e3o foram aprimoradas e refor\u00e7adas significativamente para atingir efici\u00eancia superior e total estabilidade.<\/p>\n<\/div>\n<\/div>\n<div class=\"elementor-element elementor-element-4253d21 custom-title-3 elementor-widget elementor-widget-heading\" data-id=\"4253d21\" data-element_type=\"widget\" data-widget_type=\"heading.default\">\n<div class=\"elementor-widget-container\">\n<h4 class=\"elementor-heading-title elementor-size-default\">Precis\u00e3o \u2013 Efici\u00eancia Energ\u00e9tica<\/h4>\n<\/div>\n<\/div>\n<div class=\"elementor-element elementor-element-d17afb7 elementor-widget elementor-widget-text-editor\" data-id=\"d17afb7\" data-element_type=\"widget\" data-widget_type=\"text-editor.default\">\n<div class=\"elementor-widget-container\">\n<p>A exclusiva tecnologia Japonesa \u201cPrecision Hydraulic Technology<sup>TM<\/sup>\u201d garante que a m\u00e1quina permane\u00e7a est\u00e1vel e suave durante opera\u00e7\u00f5es de velocidade extrema. Todas as a\u00e7\u00f5es s\u00e3o suaves e sedosas, para que possam ser verdadeiramente \u201cprecisas, de alta velocidade e est\u00e1veis\u201d.<\/p>\n<p class=\"p_desc\">Resolvendo os desafios e problemas mais comuns da moldagem por inje\u00e7\u00e3o de uma s\u00f3 vez! N\u00e3o \u00e9 de admirar que o MK6 seja a nossa m\u00e1quina mais popular com mais de 98% de taxa de repeti\u00e7\u00e3o de<\/p>\n<\/div>\n<\/div>\n<div class=\"elementor-element elementor-element-8ae1588 e-flex e-con-boxed e-con e-child\" data-id=\"8ae1588\" data-element_type=\"container\" data-settings=\"{&quot;content_width&quot;:&quot;boxed&quot;}\">\n<div class=\"e-con-inner\">\n<div class=\"elementor-element elementor-element-73188a6 custom-title-2 underline elementor-widget__width-auto elementor-widget elementor-widget-heading\" data-id=\"73188a6\" data-element_type=\"widget\" data-widget_type=\"heading.default\">\n<div class=\"elementor-widget-container\">\n<h2 class=\"elementor-heading-title elementor-size-default\">Maiores Vantagens das Maquinas JM MK6 :<\/h2>\n<\/div>\n<\/div>\n<div class=\"elementor-element elementor-element-2c0139a pd-text pd-list bklist elementor-widget elementor-widget-text-editor\" data-id=\"2c0139a\" data-element_type=\"widget\" data-widget_type=\"text-editor.default\">\n<div class=\"elementor-widget-container\">\n<ul>\n<li><span class=\"pd-list-number\">1<\/span>Design Mec\u00e2nico Japon\u00eas de Classe Mundial<\/li>\n<\/ul>\n<p>Dimens\u00f5es e propor\u00e7\u00f5es da articula\u00e7\u00e3o (joelho) ajustadas para melhor atender a curva de movimento em alta velocidade, limite de abertura e impacto no fechamento. Resultando em movimentos extremamente suaves e est\u00e1veis durante o funcionamento da maquina.<\/p><\/div>\n<\/div>\n<div class=\"elementor-element elementor-element-7fd2324 pd-text pd-list bklist elementor-widget elementor-widget-text-editor\" data-id=\"7fd2324\" data-element_type=\"widget\" data-widget_type=\"text-editor.default\">\n<div class=\"elementor-widget-container\">\n<ul>\n<li><span class=\"pd-list-number\">2<\/span>Baixa Vibra\u00e7\u00e3o \u2013 Movimentos Suaves na Articula\u00e7\u00e3o (joelho)<\/li>\n<\/ul>\n<p>A grande redu\u00e7\u00e3o na fric\u00e7\u00e3o e vibra\u00e7\u00e3o ajudam a prolongar a vida \u00fatil da unidade de fechamento e dos moldes. Tamb\u00e9m reduzir\u00e3o os acidentes causados por falhas devido ao desgaste das pe\u00e7as da articula\u00e7\u00e3o.<\/p><\/div>\n<\/div>\n<div class=\"elementor-element elementor-element-2958daf pd-text pd-list bklist elementor-widget elementor-widget-text-editor\" data-id=\"2958daf\" data-element_type=\"widget\" data-widget_type=\"text-editor.default\">\n<div class=\"elementor-widget-container\">\n<ul>\n<li><span class=\"pd-list-number\">3<\/span>Fechamento Uniforme \u2013 Design de Placas Customizado<\/li>\n<\/ul>\n<p>O re-design das placas porta molde conferem melhor distribui\u00e7\u00e3o da for\u00e7a de fechamento, mais leve, r\u00e1pida movimenta\u00e7\u00e3o e longa vida \u00fatil para o conjunto.<\/p><\/div>\n<\/div>\n<\/div>\n<\/div>\n<div class=\"elementor-element elementor-element-03d830a e-flex e-con-boxed e-con e-child\" data-id=\"03d830a\" data-element_type=\"container\" data-settings=\"{&quot;content_width&quot;:&quot;boxed&quot;}\">\n<div class=\"e-con-inner\">\n<div class=\"elementor-element elementor-element-94c6b57 pd-text pd-list bklist elementor-widget elementor-widget-text-editor\" data-id=\"94c6b57\" data-element_type=\"widget\" data-widget_type=\"text-editor.default\">\n<div class=\"elementor-widget-container\">\n<ul>\n<li><span class=\"pd-list-number\">4<\/span>Precis\u00e3o de Inje\u00e7\u00e3o &amp; Repetibilidade<\/li>\n<\/ul>\n<p>As guias lineares de alta rigidez proporcionam melhor desempenho, maior absor\u00e7\u00e3o de tens\u00e3o, opera\u00e7\u00e3o suave, sedosa da unidade de inje\u00e7\u00e3o.<\/p><\/div>\n<\/div>\n<div class=\"elementor-element elementor-element-e8473ef pd-text pd-list bklist elementor-widget elementor-widget-text-editor\" data-id=\"e8473ef\" data-element_type=\"widget\" data-widget_type=\"text-editor.default\">\n<div class=\"elementor-widget-container\">\n<ul>\n<li><span class=\"pd-list-number\">5<\/span>Precis\u00e3o Ultimate Precision \u2013 Hidr\u00e1ulica Avan\u00e7ada<\/li>\n<\/ul>\n<p>A exclusiva tecnologia Japonesa \u201cPrecision Hydraulic TechnologyTM\u201d significa acelera\u00e7\u00e3o r\u00e1pida e sem esfor\u00e7o, paradas precisas, paralelismo absoluto garantido, mesmo em movimentos de alta velocidade.<\/p><\/div>\n<\/div>\n<div class=\"elementor-element elementor-element-0125d6f pd-text pd-list bklist elementor-widget elementor-widget-text-editor\" data-id=\"0125d6f\" data-element_type=\"widget\" data-widget_type=\"text-editor.default\">\n<div class=\"elementor-widget-container\">\n<ul>\n<li><span class=\"pd-list-number\">6<\/span>Sistema de Servo Drive de \u00faltima Gera\u00e7\u00e3o<\/li>\n<\/ul>\n<p>Servo motor de r\u00e1pida resposta combinado com bomba hidr\u00e1ulica de engrenagem interna de alta precis\u00e3o, feita na Alemanha, garante que o sistema hidr\u00e1ulico permane\u00e7a est\u00e1vel e eficiente mesmo em altas velocidades.<\/p><\/div>\n<div><\/div>\n<\/div>\n<\/div>\n<\/div>\n","protected":false},"excerpt":{"rendered":"<p>98% de \u00cdndice de Repeti\u00e7\u00e3o de Compra A s\u00e9rie MK6 representa a sexta gera\u00e7\u00e3o da imensamente popular JETMASTER Series. Liderados por uma equipe de engenheiros Japoneses, o mecanismo de fechamento, a base da maquina e a unidade de inje\u00e7\u00e3o foram aprimoradas e refor\u00e7adas significativamente para atingir efici\u00eancia superior e total estabilidade. Precis\u00e3o \u2013 Efici\u00eancia Energ\u00e9tica [&hellip;]<\/p>\n","protected":false},"featured_media":690,"comment_status":"open","ping_status":"closed","template":"","meta":[],"product_cat":[114],"product_tag":[],"_links":{"self":[{"href":"https:\/\/gce.eng.br\/index.php\/wp-json\/wp\/v2\/product\/689"}],"collection":[{"href":"https:\/\/gce.eng.br\/index.php\/wp-json\/wp\/v2\/product"}],"about":[{"href":"https:\/\/gce.eng.br\/index.php\/wp-json\/wp\/v2\/types\/product"}],"replies":[{"embeddable":true,"href":"https:\/\/gce.eng.br\/index.php\/wp-json\/wp\/v2\/comments?post=689"}],"wp:featuredmedia":[{"embeddable":true,"href":"https:\/\/gce.eng.br\/index.php\/wp-json\/wp\/v2\/media\/690"}],"wp:attachment":[{"href":"https:\/\/gce.eng.br\/index.php\/wp-json\/wp\/v2\/media?parent=689"}],"wp:term":[{"taxonomy":"product_cat","embeddable":true,"href":"https:\/\/gce.eng.br\/index.php\/wp-json\/wp\/v2\/product_cat?post=689"},{"taxonomy":"product_tag","embeddable":true,"href":"https:\/\/gce.eng.br\/index.php\/wp-json\/wp\/v2\/product_tag?post=689"}],"curies":[{"name":"wp","href":"https:\/\/api.w.org\/{rel}","templated":true}]}}