{"id":687,"date":"2024-05-03T14:41:39","date_gmt":"2024-05-03T14:41:39","guid":{"rendered":"https:\/\/gce.eng.br\/?post_type=product&#038;p=687"},"modified":"2024-05-03T14:42:06","modified_gmt":"2024-05-03T14:42:06","slug":"torno-horizontal-mecanico-tvk1224-eco-bancada","status":"publish","type":"product","link":"https:\/\/gce.eng.br\/index.php\/produto\/torno-horizontal-mecanico-tvk1224-eco-bancada\/","title":{"rendered":"Torno Horizontal Mec\u00e2nico TVK1224-ECO \u2013 Bancada"},"content":{"rendered":"<div class=\"column mcb-column mcb-item-vg5fbnjtw one laptop-one tablet-one mobile-one column_product_breadcrumbs\">\n<div class=\"mcb-column-inner mfn-module-wrapper mcb-column-inner-vg5fbnjtw mcb-item-product_breadcrumbs-inner\"><\/div>\n<\/div>\n<div class=\"column mcb-column mcb-item-u34ex5q3c one laptop-one tablet-one mobile-one column_product_content\">\n<div class=\"mcb-column-inner mfn-module-wrapper mcb-column-inner-u34ex5q3c mcb-item-product_content-inner\">\n<div class=\"woocommerce-product-details__description\">\n<div class=\"mfn-builder-content mfn-default-content-buider\"><\/div>\n<section class=\"section mcb-section the_content has_content\">\n<div class=\"section_wrapper\">\n<div class=\"the_content_wrapper \">\n<table>\n<tbody>\n<tr>\n<th width=\"328\">Di\u00e2metro Adm. Sobre o barramento (mm)<\/th>\n<td width=\"135\">320<\/td>\n<\/tr>\n<tr>\n<th>Di\u00e2metro Adm. Sobre o carro transversal (mm)<\/th>\n<td>200<\/td>\n<\/tr>\n<tr>\n<th>Di\u00e2metro Admiss\u00edvel na cava (mm)<\/th>\n<td>\u2013<\/td>\n<\/tr>\n<tr>\n<th>Dist\u00e2ncia entre Pontas (mm)<\/th>\n<td>600<\/td>\n<\/tr>\n<tr>\n<th>Curso do carro transversal (mm)<\/th>\n<td width=\"135\">200<\/td>\n<\/tr>\n<tr>\n<th>Nariz da \u00c1rvore (Cam-Lock)<\/th>\n<td>MT 5\u00d74<\/td>\n<\/tr>\n<tr>\n<th>Cone Contra-Ponto (MT)<\/th>\n<td>N\u00ba 3<\/td>\n<\/tr>\n<\/tbody>\n<\/table>\n<\/div>\n<\/div>\n<\/section>\n<\/div>\n<\/div>\n<\/div>\n","protected":false},"excerpt":{"rendered":"<p>Di\u00e2metro Adm. Sobre o barramento (mm) 320 Di\u00e2metro Adm. Sobre o carro transversal (mm) 200 Di\u00e2metro Admiss\u00edvel na cava (mm) \u2013 Dist\u00e2ncia entre Pontas (mm) 600 Curso do carro transversal (mm) 200 Nariz da \u00c1rvore (Cam-Lock) MT 5\u00d74 Cone Contra-Ponto (MT) N\u00ba 3<\/p>\n","protected":false},"featured_media":688,"comment_status":"open","ping_status":"closed","template":"","meta":[],"product_cat":[113],"product_tag":[],"_links":{"self":[{"href":"https:\/\/gce.eng.br\/index.php\/wp-json\/wp\/v2\/product\/687"}],"collection":[{"href":"https:\/\/gce.eng.br\/index.php\/wp-json\/wp\/v2\/product"}],"about":[{"href":"https:\/\/gce.eng.br\/index.php\/wp-json\/wp\/v2\/types\/product"}],"replies":[{"embeddable":true,"href":"https:\/\/gce.eng.br\/index.php\/wp-json\/wp\/v2\/comments?post=687"}],"wp:featuredmedia":[{"embeddable":true,"href":"https:\/\/gce.eng.br\/index.php\/wp-json\/wp\/v2\/media\/688"}],"wp:attachment":[{"href":"https:\/\/gce.eng.br\/index.php\/wp-json\/wp\/v2\/media?parent=687"}],"wp:term":[{"taxonomy":"product_cat","embeddable":true,"href":"https:\/\/gce.eng.br\/index.php\/wp-json\/wp\/v2\/product_cat?post=687"},{"taxonomy":"product_tag","embeddable":true,"href":"https:\/\/gce.eng.br\/index.php\/wp-json\/wp\/v2\/product_tag?post=687"}],"curies":[{"name":"wp","href":"https:\/\/api.w.org\/{rel}","templated":true}]}}