{"id":685,"date":"2024-05-03T14:40:30","date_gmt":"2024-05-03T14:40:30","guid":{"rendered":"https:\/\/gce.eng.br\/?post_type=product&#038;p=685"},"modified":"2024-05-03T14:42:30","modified_gmt":"2024-05-03T14:42:30","slug":"torno-horizontal-cnc-lvk-175","status":"publish","type":"product","link":"https:\/\/gce.eng.br\/index.php\/produto\/torno-horizontal-cnc-lvk-175\/","title":{"rendered":"Torno Horizontal CNC LVK-175"},"content":{"rendered":"<table>\n<tbody>\n<tr>\n<th width=\"305\">Barramento<\/th>\n<td width=\"156\">Prism\u00e1rico Paralelo<\/td>\n<\/tr>\n<tr>\n<th>Di\u00e2metro torne\u00e1vel entre as pontas (mm)<\/th>\n<td>210<\/td>\n<\/tr>\n<tr>\n<th>Comprimento torne\u00e1vel (mm)<\/th>\n<td>600<\/td>\n<\/tr>\n<tr>\n<th>Nariz do Eixo \u00e1rvore (ASA)<\/th>\n<td>A2-6\u2033<\/td>\n<\/tr>\n<tr>\n<th>Di\u00e2metro m\u00e1ximo da barra (mm)<\/th>\n<td width=\"156\">38<\/td>\n<\/tr>\n<tr>\n<th>Rota\u00e7\u00e3o do Eixo \u00e1rvore (rpm)<\/th>\n<td>3000<\/td>\n<\/tr>\n<tr>\n<th>Avan\u00e7o r\u00e1pido X\/Z (Trabalho) (m\/min)<\/th>\n<td>15 \/ 15 (10)<\/td>\n<\/tr>\n<\/tbody>\n<\/table>\n","protected":false},"excerpt":{"rendered":"<p>Barramento Prism\u00e1rico Paralelo Di\u00e2metro torne\u00e1vel entre as pontas (mm) 210 Comprimento torne\u00e1vel (mm) 600 Nariz do Eixo \u00e1rvore (ASA) A2-6\u2033 Di\u00e2metro m\u00e1ximo da barra (mm) 38 Rota\u00e7\u00e3o do Eixo \u00e1rvore (rpm) 3000 Avan\u00e7o r\u00e1pido X\/Z (Trabalho) (m\/min) 15 \/ 15 (10)<\/p>\n","protected":false},"featured_media":686,"comment_status":"open","ping_status":"closed","template":"","meta":[],"product_cat":[113],"product_tag":[],"_links":{"self":[{"href":"https:\/\/gce.eng.br\/index.php\/wp-json\/wp\/v2\/product\/685"}],"collection":[{"href":"https:\/\/gce.eng.br\/index.php\/wp-json\/wp\/v2\/product"}],"about":[{"href":"https:\/\/gce.eng.br\/index.php\/wp-json\/wp\/v2\/types\/product"}],"replies":[{"embeddable":true,"href":"https:\/\/gce.eng.br\/index.php\/wp-json\/wp\/v2\/comments?post=685"}],"wp:featuredmedia":[{"embeddable":true,"href":"https:\/\/gce.eng.br\/index.php\/wp-json\/wp\/v2\/media\/686"}],"wp:attachment":[{"href":"https:\/\/gce.eng.br\/index.php\/wp-json\/wp\/v2\/media?parent=685"}],"wp:term":[{"taxonomy":"product_cat","embeddable":true,"href":"https:\/\/gce.eng.br\/index.php\/wp-json\/wp\/v2\/product_cat?post=685"},{"taxonomy":"product_tag","embeddable":true,"href":"https:\/\/gce.eng.br\/index.php\/wp-json\/wp\/v2\/product_tag?post=685"}],"curies":[{"name":"wp","href":"https:\/\/api.w.org\/{rel}","templated":true}]}}