{"id":684,"date":"2024-05-03T14:39:20","date_gmt":"2024-05-03T14:39:20","guid":{"rendered":"https:\/\/gce.eng.br\/?post_type=product&#038;p=684"},"modified":"2024-05-03T14:39:20","modified_gmt":"2024-05-03T14:39:20","slug":"lm-250","status":"publish","type":"product","link":"https:\/\/gce.eng.br\/index.php\/produto\/lm-250\/","title":{"rendered":"LM 250"},"content":{"rendered":"<div class=\"column mcb-column mcb-item-thithiw0k one laptop-one tablet-one mobile-one column_product_title\">\n<div class=\"mcb-column-inner mfn-module-wrapper mcb-column-inner-thithiw0k mcb-item-product_title-inner\">\n<h1 class=\"woocommerce-products-header__title title page-title\"><\/h1>\n<\/div>\n<\/div>\n<div class=\"column mcb-column mcb-item-u34ex5q3c one laptop-one tablet-one mobile-one column_product_content\">\n<div class=\"mcb-column-inner mfn-module-wrapper mcb-column-inner-u34ex5q3c mcb-item-product_content-inner\">\n<div class=\"woocommerce-product-details__description\">\n<div class=\"mfn-builder-content mfn-default-content-buider\"><\/div>\n<section class=\"section mcb-section the_content has_content\">\n<div class=\"section_wrapper\">\n<div class=\"the_content_wrapper \">\n<table width=\"352\">\n<tbody>\n<tr>\n<td colspan=\"2\" width=\"236\">Tipo de Laser<\/td>\n<td width=\"116\">L\u00e2mpada<\/td>\n<\/tr>\n<tr>\n<td>Pot\u00eancia<\/td>\n<td>W<\/td>\n<td>100<\/td>\n<\/tr>\n<tr>\n<td>Curso Eixo X<\/td>\n<td>mm<\/td>\n<td>\u2013<\/td>\n<\/tr>\n<tr>\n<td>Curso Eixo Y<\/td>\n<td>mm<\/td>\n<td>\u2013<\/td>\n<\/tr>\n<tr>\n<td>Curso Eixo Z<\/td>\n<td>mm<\/td>\n<td>\u2013<\/td>\n<\/tr>\n<tr>\n<td>\u00c1rea de trabalho<\/td>\n<td>mm<\/td>\n<td>300 x 300 x 270<\/td>\n<\/tr>\n<tr>\n<td colspan=\"2\">Quarto Eixo<\/td>\n<td>Opcional<\/td>\n<\/tr>\n<tr>\n<td colspan=\"2\">Bancada (Desktop)<\/td>\n<td>\u2013<\/td>\n<\/tr>\n<tr>\n<td colspan=\"2\">Opera\u00e7\u00e3o Manual<\/td>\n<td>\u221a<\/td>\n<\/tr>\n<tr>\n<td colspan=\"2\">Pedestal (Coluna)<\/td>\n<td>\u221a<\/td>\n<\/tr>\n<tr>\n<td colspan=\"2\">Opera\u00e7\u00e3o Autom\u00e1tica (Joystick)<\/td>\n<td>\u2013<\/td>\n<\/tr>\n<tr>\n<td colspan=\"2\">Opera\u00e7\u00e3o Autom\u00e1tica (CNC)<\/td>\n<td>\u2013<\/td>\n<\/tr>\n<\/tbody>\n<\/table>\n<\/div>\n<\/div>\n<\/section>\n<\/div>\n<\/div>\n<\/div>\n<div class=\"column mcb-column mcb-item-v91xz7rrh one laptop-one tablet-one mobile-one column_divider_2\">\n<div class=\"mcb-column-inner mfn-module-wrapper mcb-column-inner-v91xz7rrh mcb-item-divider_2-inner\">\n<div class=\"mfn-divider mfn-divider-border mfn-divider-border-dotted mfn-divider-center\"><\/div>\n<\/div>\n<\/div>\n","protected":false},"excerpt":{"rendered":"<p>Tipo de Laser L\u00e2mpada Pot\u00eancia W 100 Curso Eixo X mm \u2013 Curso Eixo Y mm \u2013 Curso Eixo Z mm \u2013 \u00c1rea de trabalho mm 300 x 300 x 270 Quarto Eixo Opcional Bancada (Desktop) \u2013 Opera\u00e7\u00e3o Manual \u221a Pedestal (Coluna) \u221a Opera\u00e7\u00e3o Autom\u00e1tica (Joystick) \u2013 Opera\u00e7\u00e3o Autom\u00e1tica (CNC) \u2013<\/p>\n","protected":false},"featured_media":0,"comment_status":"open","ping_status":"closed","template":"","meta":[],"product_cat":[112],"product_tag":[],"_links":{"self":[{"href":"https:\/\/gce.eng.br\/index.php\/wp-json\/wp\/v2\/product\/684"}],"collection":[{"href":"https:\/\/gce.eng.br\/index.php\/wp-json\/wp\/v2\/product"}],"about":[{"href":"https:\/\/gce.eng.br\/index.php\/wp-json\/wp\/v2\/types\/product"}],"replies":[{"embeddable":true,"href":"https:\/\/gce.eng.br\/index.php\/wp-json\/wp\/v2\/comments?post=684"}],"wp:attachment":[{"href":"https:\/\/gce.eng.br\/index.php\/wp-json\/wp\/v2\/media?parent=684"}],"wp:term":[{"taxonomy":"product_cat","embeddable":true,"href":"https:\/\/gce.eng.br\/index.php\/wp-json\/wp\/v2\/product_cat?post=684"},{"taxonomy":"product_tag","embeddable":true,"href":"https:\/\/gce.eng.br\/index.php\/wp-json\/wp\/v2\/product_tag?post=684"}],"curies":[{"name":"wp","href":"https:\/\/api.w.org\/{rel}","templated":true}]}}