{"id":683,"date":"2024-05-03T14:38:17","date_gmt":"2024-05-03T14:38:17","guid":{"rendered":"https:\/\/gce.eng.br\/?post_type=product&#038;p=683"},"modified":"2024-05-03T14:38:17","modified_gmt":"2024-05-03T14:38:17","slug":"serra-de-fita-kv-50-vertical","status":"publish","type":"product","link":"https:\/\/gce.eng.br\/index.php\/produto\/serra-de-fita-kv-50-vertical\/","title":{"rendered":"Serra de Fita KV-50 \u2013 Vertical"},"content":{"rendered":"<table>\n<tbody>\n<tr>\n<th rowspan=\"2\" width=\"185\">Capacidade de corte<\/th>\n<td width=\"202\">Serra de coluna (mm)<\/td>\n<td width=\"204\">520<\/td>\n<\/tr>\n<tr>\n<td>M\u00e1xima Altura (mm)<\/td>\n<td>310<\/td>\n<\/tr>\n<tr>\n<th rowspan=\"2\">Mesa<\/th>\n<td>Dimens\u00f5es (mm)<\/td>\n<td>600\u00d7500<\/td>\n<\/tr>\n<tr>\n<td>Inclina\u00e7\u00e3o<\/td>\n<td>15<\/td>\n<\/tr>\n<tr>\n<th>Velocidade da fita m\/min<\/th>\n<td><\/td>\n<td width=\"204\">Baixa 20-85 \/ Alta 120-500<\/td>\n<\/tr>\n<tr>\n<th>Pot\u00eancia do Motor<\/th>\n<td><\/td>\n<td>1.5\/2<\/td>\n<\/tr>\n<\/tbody>\n<\/table>\n","protected":false},"excerpt":{"rendered":"<p>Capacidade de corte Serra de coluna (mm) 520 M\u00e1xima Altura (mm) 310 Mesa Dimens\u00f5es (mm) 600\u00d7500 Inclina\u00e7\u00e3o 15 Velocidade da fita m\/min Baixa 20-85 \/ Alta 120-500 Pot\u00eancia do Motor 1.5\/2<\/p>\n","protected":false},"featured_media":0,"comment_status":"open","ping_status":"closed","template":"","meta":[],"product_cat":[111],"product_tag":[],"_links":{"self":[{"href":"https:\/\/gce.eng.br\/index.php\/wp-json\/wp\/v2\/product\/683"}],"collection":[{"href":"https:\/\/gce.eng.br\/index.php\/wp-json\/wp\/v2\/product"}],"about":[{"href":"https:\/\/gce.eng.br\/index.php\/wp-json\/wp\/v2\/types\/product"}],"replies":[{"embeddable":true,"href":"https:\/\/gce.eng.br\/index.php\/wp-json\/wp\/v2\/comments?post=683"}],"wp:attachment":[{"href":"https:\/\/gce.eng.br\/index.php\/wp-json\/wp\/v2\/media?parent=683"}],"wp:term":[{"taxonomy":"product_cat","embeddable":true,"href":"https:\/\/gce.eng.br\/index.php\/wp-json\/wp\/v2\/product_cat?post=683"},{"taxonomy":"product_tag","embeddable":true,"href":"https:\/\/gce.eng.br\/index.php\/wp-json\/wp\/v2\/product_tag?post=683"}],"curies":[{"name":"wp","href":"https:\/\/api.w.org\/{rel}","templated":true}]}}