{"id":679,"date":"2024-05-03T14:36:36","date_gmt":"2024-05-03T14:36:36","guid":{"rendered":"https:\/\/gce.eng.br\/?post_type=product&#038;p=679"},"modified":"2024-05-03T14:36:36","modified_gmt":"2024-05-03T14:36:36","slug":"prensa-excentrica-monobloco-sns1-200","status":"publish","type":"product","link":"https:\/\/gce.eng.br\/index.php\/produto\/prensa-excentrica-monobloco-sns1-200\/","title":{"rendered":"Prensa Exc\u00eantrica Monobloco SNS1-200"},"content":{"rendered":"<table width=\"610\">\n<tbody>\n<tr>\n<th colspan=\"2\" width=\"295\">Modelo<\/th>\n<th width=\"105\">S<\/th>\n<th width=\"105\">H<\/th>\n<th width=\"105\">P<\/th>\n<\/tr>\n<tr>\n<td>Capacidade Nominal<\/td>\n<td>ton<\/td>\n<td colspan=\"3\">200<\/td>\n<\/tr>\n<tr>\n<td>Curso do Martelo<\/td>\n<td>mm<\/td>\n<td>220<\/td>\n<td>150<\/td>\n<td>90<\/td>\n<\/tr>\n<tr>\n<td>Velocidade Regul\u00e1vel<\/td>\n<td>gpm<\/td>\n<td>25~45<\/td>\n<td>35~80<\/td>\n<td>45~95<\/td>\n<\/tr>\n<tr>\n<td>PMI para Capacidade Nominal<\/td>\n<td>mm<\/td>\n<td colspan=\"2\">6<\/td>\n<td>4<\/td>\n<\/tr>\n<tr>\n<td>Altura M\u00e1xima da Ferramenta Fechada<\/td>\n<td>mm<\/td>\n<td>450<\/td>\n<td colspan=\"2\">400<\/td>\n<\/tr>\n<tr>\n<td>\u00c1rea do Martelo<\/td>\n<td>mm<\/td>\n<td colspan=\"3\">1000 x 650<\/td>\n<\/tr>\n<tr>\n<td>\u00c1rea da Mesa<\/td>\n<td>mm<\/td>\n<td>1250 x 840<\/td>\n<td colspan=\"2\">1250 x 680<\/td>\n<\/tr>\n<\/tbody>\n<\/table>\n","protected":false},"excerpt":{"rendered":"<p>Modelo S H P Capacidade Nominal ton 200 Curso do Martelo mm 220 150 90 Velocidade Regul\u00e1vel gpm 25~45 35~80 45~95 PMI para Capacidade Nominal mm 6 4 Altura M\u00e1xima da Ferramenta Fechada mm 450 400 \u00c1rea do Martelo mm 1000 x 650 \u00c1rea da Mesa mm 1250 x 840 1250 x 680<\/p>\n","protected":false},"featured_media":680,"comment_status":"open","ping_status":"closed","template":"","meta":[],"product_cat":[109],"product_tag":[],"_links":{"self":[{"href":"https:\/\/gce.eng.br\/index.php\/wp-json\/wp\/v2\/product\/679"}],"collection":[{"href":"https:\/\/gce.eng.br\/index.php\/wp-json\/wp\/v2\/product"}],"about":[{"href":"https:\/\/gce.eng.br\/index.php\/wp-json\/wp\/v2\/types\/product"}],"replies":[{"embeddable":true,"href":"https:\/\/gce.eng.br\/index.php\/wp-json\/wp\/v2\/comments?post=679"}],"wp:featuredmedia":[{"embeddable":true,"href":"https:\/\/gce.eng.br\/index.php\/wp-json\/wp\/v2\/media\/680"}],"wp:attachment":[{"href":"https:\/\/gce.eng.br\/index.php\/wp-json\/wp\/v2\/media?parent=679"}],"wp:term":[{"taxonomy":"product_cat","embeddable":true,"href":"https:\/\/gce.eng.br\/index.php\/wp-json\/wp\/v2\/product_cat?post=679"},{"taxonomy":"product_tag","embeddable":true,"href":"https:\/\/gce.eng.br\/index.php\/wp-json\/wp\/v2\/product_tag?post=679"}],"curies":[{"name":"wp","href":"https:\/\/api.w.org\/{rel}","templated":true}]}}