{"id":674,"date":"2024-05-03T14:33:35","date_gmt":"2024-05-03T14:33:35","guid":{"rendered":"https:\/\/gce.eng.br\/?post_type=product&#038;p=674"},"modified":"2024-05-03T14:33:35","modified_gmt":"2024-05-03T14:33:35","slug":"mandriladora-horizontal-cnc-hbm-4","status":"publish","type":"product","link":"https:\/\/gce.eng.br\/index.php\/produto\/mandriladora-horizontal-cnc-hbm-4\/","title":{"rendered":"Mandriladora Horizontal CNC HBM-4"},"content":{"rendered":"<table width=\"402\">\n<tbody>\n<tr>\n<th width=\"262\">Tamanho da Mesa std.<\/th>\n<td width=\"64\">mm<\/td>\n<td width=\"76\">1200 x 1500<\/td>\n<\/tr>\n<tr>\n<th>Tamanho da Mesa (opc.)<\/th>\n<td>mm<\/td>\n<td>1250 x 1500<\/td>\n<\/tr>\n<tr>\n<th>Peso admiss\u00edvel sobre a Mesa (opc.)<\/th>\n<td>ton.<\/td>\n<td>5<\/td>\n<\/tr>\n<tr>\n<th>Indexa\u00e7\u00e3o da Mesa (opc.)<\/th>\n<td>grau<\/td>\n<td>1\u00b0 (0,001\u00b0)<\/td>\n<\/tr>\n<tr>\n<th>Curso do Eixo X std.<\/th>\n<td>mm<\/td>\n<td>2200<\/td>\n<\/tr>\n<tr>\n<th>Curso do Eixo X (opc.)<\/th>\n<td>mm<\/td>\n<td>\u2013<\/td>\n<\/tr>\n<tr>\n<th>Curso do Eixo Y<\/th>\n<td>mm<\/td>\n<td>1600<\/td>\n<\/tr>\n<tr>\n<th>Curso do Eixo Z std.<\/th>\n<td>mm<\/td>\n<td>1600<\/td>\n<\/tr>\n<tr>\n<th>Curso do Eixo Z (opc.)<\/th>\n<td>mm<\/td>\n<td>\u2013<\/td>\n<\/tr>\n<tr>\n<th>Curso do Eixo W<\/th>\n<td>mm<\/td>\n<td>550<\/td>\n<\/tr>\n<tr>\n<th>Di\u00e2metro da Manga (Eixo W)<\/th>\n<td>mm<\/td>\n<td>110<\/td>\n<\/tr>\n<tr>\n<th>Cone do \u00c1rvore<\/th>\n<td>ISO<\/td>\n<td>50<\/td>\n<\/tr>\n<tr>\n<th>Magazine de ferramentas (opc.)<\/th>\n<td>Qtde.<\/td>\n<td>28 (60)<\/td>\n<\/tr>\n<tr>\n<th>Gama de rota\u00e7\u00f5es<\/th>\n<td>rpm<\/td>\n<td>35 \u2013 3000<\/td>\n<\/tr>\n<tr>\n<th>Pot\u00eancia do Eixo \u00e1rvore<\/th>\n<td>kW<\/td>\n<td>15 \/ 18.5<\/td>\n<\/tr>\n<tr>\n<th>Tipo de guias \u2013 Eixo X\u00a0 (Quantidade)<\/th>\n<td><\/td>\n<td>Box Way<\/td>\n<\/tr>\n<tr>\n<th>Tipo de guias \u2013 Eixo Y<\/th>\n<td><\/td>\n<td>Box Way<\/td>\n<\/tr>\n<tr>\n<th>Tipo de guias \u2013 Eixo Z (Quantidade)<\/th>\n<td><\/td>\n<td>Box Way<\/td>\n<\/tr>\n<tr>\n<th>Peso da m\u00e1quina<\/th>\n<td>kg<\/td>\n<td>22500<\/td>\n<\/tr>\n<\/tbody>\n<\/table>\n","protected":false},"excerpt":{"rendered":"<p>Tamanho da Mesa std. mm 1200 x 1500 Tamanho da Mesa (opc.) mm 1250 x 1500 Peso admiss\u00edvel sobre a Mesa (opc.) ton. 5 Indexa\u00e7\u00e3o da Mesa (opc.) grau 1\u00b0 (0,001\u00b0) Curso do Eixo X std. mm 2200 Curso do Eixo X (opc.) mm \u2013 Curso do Eixo Y mm 1600 Curso do Eixo Z [&hellip;]<\/p>\n","protected":false},"featured_media":675,"comment_status":"open","ping_status":"closed","template":"","meta":[],"product_cat":[107],"product_tag":[],"_links":{"self":[{"href":"https:\/\/gce.eng.br\/index.php\/wp-json\/wp\/v2\/product\/674"}],"collection":[{"href":"https:\/\/gce.eng.br\/index.php\/wp-json\/wp\/v2\/product"}],"about":[{"href":"https:\/\/gce.eng.br\/index.php\/wp-json\/wp\/v2\/types\/product"}],"replies":[{"embeddable":true,"href":"https:\/\/gce.eng.br\/index.php\/wp-json\/wp\/v2\/comments?post=674"}],"wp:featuredmedia":[{"embeddable":true,"href":"https:\/\/gce.eng.br\/index.php\/wp-json\/wp\/v2\/media\/675"}],"wp:attachment":[{"href":"https:\/\/gce.eng.br\/index.php\/wp-json\/wp\/v2\/media?parent=674"}],"wp:term":[{"taxonomy":"product_cat","embeddable":true,"href":"https:\/\/gce.eng.br\/index.php\/wp-json\/wp\/v2\/product_cat?post=674"},{"taxonomy":"product_tag","embeddable":true,"href":"https:\/\/gce.eng.br\/index.php\/wp-json\/wp\/v2\/product_tag?post=674"}],"curies":[{"name":"wp","href":"https:\/\/api.w.org\/{rel}","templated":true}]}}