{"id":672,"date":"2024-05-03T14:27:28","date_gmt":"2024-05-03T14:27:28","guid":{"rendered":"https:\/\/gce.eng.br\/?post_type=product&#038;p=672"},"modified":"2024-05-03T14:27:28","modified_gmt":"2024-05-03T14:27:28","slug":"big-smark-200f-ep","status":"publish","type":"product","link":"https:\/\/gce.eng.br\/index.php\/produto\/big-smark-200f-ep\/","title":{"rendered":"BIG SMARK 200F EP"},"content":{"rendered":"<table width=\"498\">\n<tbody>\n<tr>\n<td width=\"222\">Pot\u00eancia<\/td>\n<td width=\"31\">W<\/td>\n<td width=\"245\">20<\/td>\n<\/tr>\n<tr>\n<td>Eixo Z motorizado<\/td>\n<td colspan=\"2\">\u221a<\/td>\n<\/tr>\n<tr>\n<td>Curso Eixo Z<\/td>\n<td>mm<\/td>\n<td>400<\/td>\n<\/tr>\n<tr>\n<td>Grava\u00e7\u00e3o colorida<\/td>\n<td colspan=\"2\">\u221a<\/td>\n<\/tr>\n<tr>\n<td>Bancada (Desktop)<\/td>\n<td colspan=\"2\">\u2013<\/td>\n<\/tr>\n<tr>\n<td>Pedestal (Coluna)<\/td>\n<td colspan=\"2\">\u221a<\/td>\n<\/tr>\n<tr>\n<td>\u00c1rea de grava\u00e7\u00e3o (standard)<\/td>\n<td colspan=\"2\">100 x 100<\/td>\n<\/tr>\n<tr>\n<td>\u00c1rea de grava\u00e7\u00e3o (opcional)<\/td>\n<td colspan=\"2\">180 x 180 \/ 215 x 215<\/td>\n<\/tr>\n<tr>\n<td>Giro de Pallet \/ Produ\u00e7\u00e3o<\/td>\n<td colspan=\"2\">\u2013<\/td>\n<\/tr>\n<tr>\n<td colspan=\"3\">(*) Grava\u00e7\u00e3o em materiais sint\u00e9ticos e vidros<\/td>\n<\/tr>\n<\/tbody>\n<\/table>\n","protected":false},"excerpt":{"rendered":"<p>Pot\u00eancia W 20 Eixo Z motorizado \u221a Curso Eixo Z mm 400 Grava\u00e7\u00e3o colorida \u221a Bancada (Desktop) \u2013 Pedestal (Coluna) \u221a \u00c1rea de grava\u00e7\u00e3o (standard) 100 x 100 \u00c1rea de grava\u00e7\u00e3o (opcional) 180 x 180 \/ 215 x 215 Giro de Pallet \/ Produ\u00e7\u00e3o \u2013 (*) Grava\u00e7\u00e3o em materiais sint\u00e9ticos e vidros<\/p>\n","protected":false},"featured_media":673,"comment_status":"open","ping_status":"closed","template":"","meta":[],"product_cat":[106],"product_tag":[],"_links":{"self":[{"href":"https:\/\/gce.eng.br\/index.php\/wp-json\/wp\/v2\/product\/672"}],"collection":[{"href":"https:\/\/gce.eng.br\/index.php\/wp-json\/wp\/v2\/product"}],"about":[{"href":"https:\/\/gce.eng.br\/index.php\/wp-json\/wp\/v2\/types\/product"}],"replies":[{"embeddable":true,"href":"https:\/\/gce.eng.br\/index.php\/wp-json\/wp\/v2\/comments?post=672"}],"wp:featuredmedia":[{"embeddable":true,"href":"https:\/\/gce.eng.br\/index.php\/wp-json\/wp\/v2\/media\/673"}],"wp:attachment":[{"href":"https:\/\/gce.eng.br\/index.php\/wp-json\/wp\/v2\/media?parent=672"}],"wp:term":[{"taxonomy":"product_cat","embeddable":true,"href":"https:\/\/gce.eng.br\/index.php\/wp-json\/wp\/v2\/product_cat?post=672"},{"taxonomy":"product_tag","embeddable":true,"href":"https:\/\/gce.eng.br\/index.php\/wp-json\/wp\/v2\/product_tag?post=672"}],"curies":[{"name":"wp","href":"https:\/\/api.w.org\/{rel}","templated":true}]}}