{"id":659,"date":"2024-05-03T14:17:47","date_gmt":"2024-05-03T14:17:47","guid":{"rendered":"https:\/\/gce.eng.br\/?post_type=product&#038;p=659"},"modified":"2024-05-03T14:17:47","modified_gmt":"2024-05-03T14:17:47","slug":"fresadora-mvk-2500f-verticais-cnc","status":"publish","type":"product","link":"https:\/\/gce.eng.br\/index.php\/produto\/fresadora-mvk-2500f-verticais-cnc\/","title":{"rendered":"Fresadora MVK-2500F \u2013 Verticais CNC"},"content":{"rendered":"<table width=\"425\">\n<tbody>\n<tr>\n<th width=\"265\">Tipo de trocador de ferramentas<\/th>\n<td width=\"50\"><\/td>\n<td width=\"110\">\u2013<\/td>\n<\/tr>\n<tr>\n<th>Comando CNC<\/th>\n<td><\/td>\n<td>Siemens 828<\/td>\n<\/tr>\n<tr>\n<th>Dimens\u00f5es da Mesa<\/th>\n<td>mm<\/td>\n<td>2.850 x 762<\/td>\n<\/tr>\n<tr>\n<th>Cursos X\/Y\/Z<\/th>\n<td>mm<\/td>\n<td>2500\/840\/840<\/td>\n<\/tr>\n<tr>\n<th>Deslocamento R\u00e1pido X\/Y\/Z<\/th>\n<td>m\/min<\/td>\n<td>10\/10\/2010<\/td>\n<\/tr>\n<tr>\n<th>Cone do Eixo \u00c1rvore<\/th>\n<td>BT<\/td>\n<td>40<\/td>\n<\/tr>\n<tr>\n<th>Rota\u00e7\u00e3o do Eixo \u00c1rvore<\/th>\n<td>RPM<\/td>\n<td>8.000<\/td>\n<\/tr>\n<tr>\n<th>Pot\u00eancia do Motor (Regime Cont\u00ednuo)<\/th>\n<td>kW\/HP<\/td>\n<td>11\/15<\/td>\n<\/tr>\n<tr>\n<th>Quantidade de Ferramentas<\/th>\n<td>n\u00b0<\/td>\n<td>20<\/td>\n<\/tr>\n<tr>\n<th>Peso admiss\u00edvel sobre a mesa<\/th>\n<td>kg<\/td>\n<td>1.900<\/td>\n<\/tr>\n<tr>\n<th>Peso da M\u00e1quina<\/th>\n<td>kg<\/td>\n<td>8.900<\/td>\n<\/tr>\n<\/tbody>\n<\/table>\n","protected":false},"excerpt":{"rendered":"<p>Tipo de trocador de ferramentas \u2013 Comando CNC Siemens 828 Dimens\u00f5es da Mesa mm 2.850 x 762 Cursos X\/Y\/Z mm 2500\/840\/840 Deslocamento R\u00e1pido X\/Y\/Z m\/min 10\/10\/2010 Cone do Eixo \u00c1rvore BT 40 Rota\u00e7\u00e3o do Eixo \u00c1rvore RPM 8.000 Pot\u00eancia do Motor (Regime Cont\u00ednuo) kW\/HP 11\/15 Quantidade de Ferramentas n\u00b0 20 Peso admiss\u00edvel sobre a mesa [&hellip;]<\/p>\n","protected":false},"featured_media":660,"comment_status":"open","ping_status":"closed","template":"","meta":[],"product_cat":[104],"product_tag":[],"_links":{"self":[{"href":"https:\/\/gce.eng.br\/index.php\/wp-json\/wp\/v2\/product\/659"}],"collection":[{"href":"https:\/\/gce.eng.br\/index.php\/wp-json\/wp\/v2\/product"}],"about":[{"href":"https:\/\/gce.eng.br\/index.php\/wp-json\/wp\/v2\/types\/product"}],"replies":[{"embeddable":true,"href":"https:\/\/gce.eng.br\/index.php\/wp-json\/wp\/v2\/comments?post=659"}],"wp:featuredmedia":[{"embeddable":true,"href":"https:\/\/gce.eng.br\/index.php\/wp-json\/wp\/v2\/media\/660"}],"wp:attachment":[{"href":"https:\/\/gce.eng.br\/index.php\/wp-json\/wp\/v2\/media?parent=659"}],"wp:term":[{"taxonomy":"product_cat","embeddable":true,"href":"https:\/\/gce.eng.br\/index.php\/wp-json\/wp\/v2\/product_cat?post=659"},{"taxonomy":"product_tag","embeddable":true,"href":"https:\/\/gce.eng.br\/index.php\/wp-json\/wp\/v2\/product_tag?post=659"}],"curies":[{"name":"wp","href":"https:\/\/api.w.org\/{rel}","templated":true}]}}