{"id":655,"date":"2024-05-03T14:14:52","date_gmt":"2024-05-03T14:14:52","guid":{"rendered":"https:\/\/gce.eng.br\/?post_type=product&#038;p=655"},"modified":"2024-05-03T14:14:52","modified_gmt":"2024-05-03T14:14:52","slug":"eletroerosao-a-fio-de-latao-cnc-ag560-as","status":"publish","type":"product","link":"https:\/\/gce.eng.br\/index.php\/produto\/eletroerosao-a-fio-de-latao-cnc-ag560-as\/","title":{"rendered":"Eletroeros\u00e3o a fio de lat\u00e3o CNC \u2013 AG560-AS"},"content":{"rendered":"<table>\n<tbody>\n<tr>\n<th width=\"237\">Curso\u00a0 X \/ Y \/ X\u00a0 ( mm)<\/th>\n<td width=\"233\">500 \/ 350 \/ 300<\/td>\n<\/tr>\n<tr>\n<th>Curso U\/V<\/th>\n<td>100 \/ 100<\/td>\n<\/tr>\n<tr>\n<th>Tamanho da mesa\u00a0 (mm)<\/th>\n<td>800 x 585<\/td>\n<\/tr>\n<tr>\n<th>Dimens\u00f5es do tanque\u00a0 (Lts)<\/th>\n<td>1120 x 800 x 350<\/td>\n<\/tr>\n<tr>\n<th>Peso Maximo da pe\u00e7a (Kg)<\/th>\n<td>500<\/td>\n<\/tr>\n<tr>\n<th>Tamanho m\u00e1ximo da pe\u00e7a (mm)<\/th>\n<td>1000 x 600 x 295<\/td>\n<\/tr>\n<\/tbody>\n<\/table>\n","protected":false},"excerpt":{"rendered":"<p>Curso\u00a0 X \/ Y \/ X\u00a0 ( mm) 500 \/ 350 \/ 300 Curso U\/V 100 \/ 100 Tamanho da mesa\u00a0 (mm) 800 x 585 Dimens\u00f5es do tanque\u00a0 (Lts) 1120 x 800 x 350 Peso Maximo da pe\u00e7a (Kg) 500 Tamanho m\u00e1ximo da pe\u00e7a (mm) 1000 x 600 x 295<\/p>\n","protected":false},"featured_media":656,"comment_status":"open","ping_status":"closed","template":"","meta":[],"product_cat":[103],"product_tag":[],"_links":{"self":[{"href":"https:\/\/gce.eng.br\/index.php\/wp-json\/wp\/v2\/product\/655"}],"collection":[{"href":"https:\/\/gce.eng.br\/index.php\/wp-json\/wp\/v2\/product"}],"about":[{"href":"https:\/\/gce.eng.br\/index.php\/wp-json\/wp\/v2\/types\/product"}],"replies":[{"embeddable":true,"href":"https:\/\/gce.eng.br\/index.php\/wp-json\/wp\/v2\/comments?post=655"}],"wp:featuredmedia":[{"embeddable":true,"href":"https:\/\/gce.eng.br\/index.php\/wp-json\/wp\/v2\/media\/656"}],"wp:attachment":[{"href":"https:\/\/gce.eng.br\/index.php\/wp-json\/wp\/v2\/media?parent=655"}],"wp:term":[{"taxonomy":"product_cat","embeddable":true,"href":"https:\/\/gce.eng.br\/index.php\/wp-json\/wp\/v2\/product_cat?post=655"},{"taxonomy":"product_tag","embeddable":true,"href":"https:\/\/gce.eng.br\/index.php\/wp-json\/wp\/v2\/product_tag?post=655"}],"curies":[{"name":"wp","href":"https:\/\/api.w.org\/{rel}","templated":true}]}}