{"id":651,"date":"2024-05-03T14:11:13","date_gmt":"2024-05-03T14:11:13","guid":{"rendered":"https:\/\/gce.eng.br\/?post_type=product&#038;p=651"},"modified":"2024-05-03T14:11:13","modified_gmt":"2024-05-03T14:11:13","slug":"centro-de-furacao-e-rosqueamento-pc500","status":"publish","type":"product","link":"https:\/\/gce.eng.br\/index.php\/produto\/centro-de-furacao-e-rosqueamento-pc500\/","title":{"rendered":"Centro de fura\u00e7\u00e3o e rosqueamento PC500"},"content":{"rendered":"<table width=\"433\">\n<tbody>\n<tr>\n<th width=\"259\">Cursos \u2013 Eixo X, Y, Z<\/th>\n<td width=\"64\">mm<\/td>\n<td width=\"110\">500 x 400 x 330<\/td>\n<\/tr>\n<tr>\n<th>Dist\u00e2ncia Fuso \/ Superf\u00edcie da mesa<\/th>\n<td>mm<\/td>\n<td>150 \/ 480<\/td>\n<\/tr>\n<tr>\n<th>Rota\u00e7\u00e3o Eixo C<\/th>\n<td>Grau<\/td>\n<td>NA<\/td>\n<\/tr>\n<tr>\n<th>Inclina\u00e7\u00e3o Eixo B<\/th>\n<td>Grau<\/td>\n<td>NA<\/td>\n<\/tr>\n<tr>\n<th>Deslocamentos R\u00e1pidos dos Eixos X, Y, Z<\/th>\n<td>m\/min<\/td>\n<td>60 \/ 60 \/ 60<\/td>\n<\/tr>\n<tr>\n<th>Acelera\u00e7\u00e3o dos eixos<\/th>\n<td>G<\/td>\n<td>1.0\/1.0\/1.0<\/td>\n<\/tr>\n<tr>\n<th>Cone do Eixo \u00c1rvore (Opc.)<\/th>\n<td>BT<\/td>\n<td>30<\/td>\n<\/tr>\n<tr>\n<th>Rota\u00e7\u00e3o do Eixo \u00c1rvore Std. (Opc.)<\/th>\n<td>RPM<\/td>\n<td>12.000 (24.000)<\/td>\n<\/tr>\n<tr>\n<th>Tempo de Troca de Ferramenta<\/th>\n<td>sec<\/td>\n<td>T-T: 1.4\u00a0 C-C: 2.3<\/td>\n<\/tr>\n<tr>\n<th>Tempo do Giro da Mesa<\/th>\n<td>sec<\/td>\n<td>\u2013<\/td>\n<\/tr>\n<\/tbody>\n<\/table>\n","protected":false},"excerpt":{"rendered":"<p>Cursos \u2013 Eixo X, Y, Z mm 500 x 400 x 330 Dist\u00e2ncia Fuso \/ Superf\u00edcie da mesa mm 150 \/ 480 Rota\u00e7\u00e3o Eixo C Grau NA Inclina\u00e7\u00e3o Eixo B Grau NA Deslocamentos R\u00e1pidos dos Eixos X, Y, Z m\/min 60 \/ 60 \/ 60 Acelera\u00e7\u00e3o dos eixos G 1.0\/1.0\/1.0 Cone do Eixo \u00c1rvore (Opc.) [&hellip;]<\/p>\n","protected":false},"featured_media":652,"comment_status":"open","ping_status":"closed","template":"","meta":[],"product_cat":[102],"product_tag":[],"_links":{"self":[{"href":"https:\/\/gce.eng.br\/index.php\/wp-json\/wp\/v2\/product\/651"}],"collection":[{"href":"https:\/\/gce.eng.br\/index.php\/wp-json\/wp\/v2\/product"}],"about":[{"href":"https:\/\/gce.eng.br\/index.php\/wp-json\/wp\/v2\/types\/product"}],"replies":[{"embeddable":true,"href":"https:\/\/gce.eng.br\/index.php\/wp-json\/wp\/v2\/comments?post=651"}],"wp:featuredmedia":[{"embeddable":true,"href":"https:\/\/gce.eng.br\/index.php\/wp-json\/wp\/v2\/media\/652"}],"wp:attachment":[{"href":"https:\/\/gce.eng.br\/index.php\/wp-json\/wp\/v2\/media?parent=651"}],"wp:term":[{"taxonomy":"product_cat","embeddable":true,"href":"https:\/\/gce.eng.br\/index.php\/wp-json\/wp\/v2\/product_cat?post=651"},{"taxonomy":"product_tag","embeddable":true,"href":"https:\/\/gce.eng.br\/index.php\/wp-json\/wp\/v2\/product_tag?post=651"}],"curies":[{"name":"wp","href":"https:\/\/api.w.org\/{rel}","templated":true}]}}