{"id":647,"date":"2024-05-03T14:08:31","date_gmt":"2024-05-03T14:08:31","guid":{"rendered":"https:\/\/gce.eng.br\/?post_type=product&#038;p=647"},"modified":"2024-05-03T14:08:31","modified_gmt":"2024-05-03T14:08:31","slug":"centro-de-torneamento-hd2200","status":"publish","type":"product","link":"https:\/\/gce.eng.br\/index.php\/produto\/centro-de-torneamento-hd2200\/","title":{"rendered":"Centro de Torneamento HD2200"},"content":{"rendered":"<table>\n<tbody>\n<tr>\n<th width=\"274\">Tipo<\/th>\n<td width=\"116\">Horizontal<\/td>\n<td width=\"86\"><\/td>\n<\/tr>\n<tr>\n<th>Cursos X\/Y\/Z<\/th>\n<td>215 \/ \u2013 \/ 580<\/td>\n<td>mm<\/td>\n<\/tr>\n<tr>\n<th>Di\u00e2metro Torne\u00e1vel<\/th>\n<td>\u00d8380<\/td>\n<td>mm<\/td>\n<\/tr>\n<tr>\n<th>Comprimento Torne\u00e1vel<\/th>\n<td>565<\/td>\n<td>mm<\/td>\n<\/tr>\n<tr>\n<th>Avan\u00e7o r\u00e1pido\u00a0\u00a0 X\/ Y \/ Z<\/th>\n<td>24 \/ \u2013 \/ 30<\/td>\n<td>m\/min<\/td>\n<\/tr>\n<tr>\n<th>Spindle Principal Passagem de barra<\/th>\n<td>\u00d865<\/td>\n<td><\/td>\n<\/tr>\n<tr>\n<th>Spindle Principal Nariz<\/th>\n<td>A2-6\u2033<\/td>\n<td><\/td>\n<\/tr>\n<tr>\n<th>Spindle Principal Rota\u00e7\u00e3o<\/th>\n<td>4000<\/td>\n<td>rpm<\/td>\n<\/tr>\n<tr>\n<th>Spindle Principal Pot\u00eancia<\/th>\n<td>25<\/td>\n<td>hp<\/td>\n<\/tr>\n<tr>\n<th>Sub-Spindle Nariz<\/th>\n<td>\u2013<\/td>\n<td><\/td>\n<\/tr>\n<tr>\n<th>Sub-Spindle Rota\u00e7\u00e3o<\/th>\n<td>\u2013<\/td>\n<td>rpm<\/td>\n<\/tr>\n<tr>\n<th>Sub-Spindle Pot\u00eancia<\/th>\n<td>\u2013<\/td>\n<td>hp<\/td>\n<\/tr>\n<tr>\n<th>N\u00famero de Torres<\/th>\n<td>1<\/td>\n<td><\/td>\n<\/tr>\n<tr>\n<th>Ferramenta Acionada<\/th>\n<td>\u2013<\/td>\n<td><\/td>\n<\/tr>\n<tr>\n<th>N\u00famero de\u00a0 Ferramentas (Torre)<\/th>\n<td>12<\/td>\n<td><\/td>\n<\/tr>\n<\/tbody>\n<\/table>\n<p>&nbsp;<\/p>\n","protected":false},"excerpt":{"rendered":"<p>Tipo Horizontal Cursos X\/Y\/Z 215 \/ \u2013 \/ 580 mm Di\u00e2metro Torne\u00e1vel \u00d8380 mm Comprimento Torne\u00e1vel 565 mm Avan\u00e7o r\u00e1pido\u00a0\u00a0 X\/ Y \/ Z 24 \/ \u2013 \/ 30 m\/min Spindle Principal Passagem de barra \u00d865 Spindle Principal Nariz A2-6\u2033 Spindle Principal Rota\u00e7\u00e3o 4000 rpm Spindle Principal Pot\u00eancia 25 hp Sub-Spindle Nariz \u2013 Sub-Spindle Rota\u00e7\u00e3o [&hellip;]<\/p>\n","protected":false},"featured_media":648,"comment_status":"open","ping_status":"closed","template":"","meta":[],"product_cat":[101],"product_tag":[],"_links":{"self":[{"href":"https:\/\/gce.eng.br\/index.php\/wp-json\/wp\/v2\/product\/647"}],"collection":[{"href":"https:\/\/gce.eng.br\/index.php\/wp-json\/wp\/v2\/product"}],"about":[{"href":"https:\/\/gce.eng.br\/index.php\/wp-json\/wp\/v2\/types\/product"}],"replies":[{"embeddable":true,"href":"https:\/\/gce.eng.br\/index.php\/wp-json\/wp\/v2\/comments?post=647"}],"wp:featuredmedia":[{"embeddable":true,"href":"https:\/\/gce.eng.br\/index.php\/wp-json\/wp\/v2\/media\/648"}],"wp:attachment":[{"href":"https:\/\/gce.eng.br\/index.php\/wp-json\/wp\/v2\/media?parent=647"}],"wp:term":[{"taxonomy":"product_cat","embeddable":true,"href":"https:\/\/gce.eng.br\/index.php\/wp-json\/wp\/v2\/product_cat?post=647"},{"taxonomy":"product_tag","embeddable":true,"href":"https:\/\/gce.eng.br\/index.php\/wp-json\/wp\/v2\/product_tag?post=647"}],"curies":[{"name":"wp","href":"https:\/\/api.w.org\/{rel}","templated":true}]}}