{"id":488,"date":"2024-04-11T01:37:34","date_gmt":"2024-04-11T01:37:34","guid":{"rendered":"https:\/\/gce.eng.br\/?post_type=product&#038;p=488"},"modified":"2024-06-19T11:48:15","modified_gmt":"2024-06-19T11:48:15","slug":"termometro-0-350c-haste-20cm-rosca-1-2-visor-8cm-agetherm-cor-cinza","status":"publish","type":"product","link":"https:\/\/gce.eng.br\/index.php\/produto\/termometro-0-350c-haste-20cm-rosca-1-2-visor-8cm-agetherm-cor-cinza\/","title":{"rendered":"Term\u00f4metro 0\/300\u00b0C Haste 20cm Rosca 1\/2&#8243; Visor 4&#8243;"},"content":{"rendered":"<p>Term\u00f4metro 0\/300\u00b0C Haste 20cm Rosca 1\/2&#8243; Visor 4&#8243;<\/p>\n<p>Aplica\u00e7\u00e3o: Forno, Estufa, Caldeira, Forno a Lenha, Iglu, Churrasqueira Bafo e etc.<\/p>\n<p>Especifica\u00e7\u00f5es T\u00e9cnicas:<br \/>\nEscala de Temperatura: 0\/300 Graus<br \/>\nVisor: 4&#8243;<br \/>\nRosca: 1\/2&#8243;<br \/>\nComprimento da Haste: 20cm<br \/>\nMaterial: Inox 304<\/p>\n<p>Este term\u00f4metro \u00e9 ideal para uso em fornos, estufas, caldeiras, fornos a lenha, iglus, churrasqueiras bafo e etc. Possui uma escala de temperatura de 0 a 300 graus, um visor de 4&#8221;\u00a0 e uma rosca de 1\/2&#8243;. O comprimento da haste \u00e9 de 20cm e \u00e9 feito de Inox 304.\u00a0 Marca : GCE.<\/p>\n","protected":false},"excerpt":{"rendered":"<p>Term\u00f4metro 0\/300\u00b0C Haste 20cm Rosca 1\/2&#8243; Visor 4&#8243; Aplica\u00e7\u00e3o: Forno, Estufa, Caldeira, Forno a Lenha, Iglu, Churrasqueira Bafo e etc. Especifica\u00e7\u00f5es T\u00e9cnicas: Escala de Temperatura: 0\/300 Graus Visor: 4&#8243; Rosca: 1\/2&#8243; Comprimento da Haste: 20cm Material: Inox 304 Este term\u00f4metro \u00e9 ideal para uso em fornos, estufas, caldeiras, fornos a lenha, iglus, churrasqueiras bafo e [&hellip;]<\/p>\n","protected":false},"featured_media":490,"comment_status":"open","ping_status":"closed","template":"","meta":[],"product_cat":[100],"product_tag":[],"_links":{"self":[{"href":"https:\/\/gce.eng.br\/index.php\/wp-json\/wp\/v2\/product\/488"}],"collection":[{"href":"https:\/\/gce.eng.br\/index.php\/wp-json\/wp\/v2\/product"}],"about":[{"href":"https:\/\/gce.eng.br\/index.php\/wp-json\/wp\/v2\/types\/product"}],"replies":[{"embeddable":true,"href":"https:\/\/gce.eng.br\/index.php\/wp-json\/wp\/v2\/comments?post=488"}],"wp:featuredmedia":[{"embeddable":true,"href":"https:\/\/gce.eng.br\/index.php\/wp-json\/wp\/v2\/media\/490"}],"wp:attachment":[{"href":"https:\/\/gce.eng.br\/index.php\/wp-json\/wp\/v2\/media?parent=488"}],"wp:term":[{"taxonomy":"product_cat","embeddable":true,"href":"https:\/\/gce.eng.br\/index.php\/wp-json\/wp\/v2\/product_cat?post=488"},{"taxonomy":"product_tag","embeddable":true,"href":"https:\/\/gce.eng.br\/index.php\/wp-json\/wp\/v2\/product_tag?post=488"}],"curies":[{"name":"wp","href":"https:\/\/api.w.org\/{rel}","templated":true}]}}