{"id":486,"date":"2024-04-11T01:32:11","date_gmt":"2024-04-11T01:32:11","guid":{"rendered":"https:\/\/gce.eng.br\/?post_type=product&#038;p=486"},"modified":"2024-05-03T03:14:50","modified_gmt":"2024-05-03T03:14:50","slug":"termometro-bimetalico-total-aco-inox-escala-0-300c-o100mm-orosca-1-2","status":"publish","type":"product","link":"https:\/\/gce.eng.br\/index.php\/produto\/termometro-bimetalico-total-aco-inox-escala-0-300c-o100mm-orosca-1-2\/","title":{"rendered":"Term\u00f4metro Bimet\u00e1lico Total A\u00e7o Inox Escala 0-300\u00b0C \u00d8100mm \u00d8Rosca 1\/2&#8243;"},"content":{"rendered":"<p>Term\u00f4metro Bimet\u00e1lico Total A\u00e7o Inox Escala 0-300\u00b0C \u00d8100mm \u00d8Rosca 1\/2&#8243; BSP \u00d8Haste 3\/8&#8243; Sa\u00edda Reta Novotest.br ITER-100H300R300 Term\u00f4metro Bimet\u00e1lico Total A\u00e7o Inox tipo Standard, constru\u00eddo em Rosca 1\/2&#8243; BSP. Descri\u00e7\u00e3o &#8211; Escala: 0-300\u00b0C; &#8211; Di\u00e2metro do mostrador: 100mm; &#8211; Rosca: 1\/2&#8243; BSP; &#8211; Material da haste: totalmente constru\u00eddo de inox; &#8211; Tamanho da haste: 300mm; &#8211; Di\u00e2metro da haste: 3\/8&#8243;; &#8211; Tipo de sa\u00edda: Reto; &#8211; C\u00f3digo: ITER-100H300R300; Opcional &#8211; Certificado de Calibra\u00e7\u00e3o com rastreabilidade Inmetro\/RBC; Aten\u00e7\u00e3o A imagem aqui apresentada \u00e9 meramente ilustrativa e foi fornecida pelo fabricante. Ela n\u00e3o reflete as dimens\u00f5es reais do produto. Para decis\u00e3o de compra considerar a descri\u00e7\u00e3o e especifica\u00e7\u00e3o t\u00e9cnica do produto.<\/p>\n","protected":false},"excerpt":{"rendered":"<p>Term\u00f4metro Bimet\u00e1lico Total A\u00e7o Inox Escala 0-300\u00b0C \u00d8100mm \u00d8Rosca 1\/2&#8243; BSP \u00d8Haste 3\/8&#8243; Sa\u00edda Reta Novotest.br ITER-100H300R300 Term\u00f4metro Bimet\u00e1lico Total A\u00e7o Inox tipo Standard, constru\u00eddo em Rosca 1\/2&#8243; BSP. Descri\u00e7\u00e3o &#8211; Escala: 0-300\u00b0C; &#8211; Di\u00e2metro do mostrador: 100mm; &#8211; Rosca: 1\/2&#8243; BSP; &#8211; Material da haste: totalmente constru\u00eddo de inox; &#8211; Tamanho da haste: 300mm; [&hellip;]<\/p>\n","protected":false},"featured_media":491,"comment_status":"open","ping_status":"closed","template":"","meta":[],"product_cat":[100],"product_tag":[],"_links":{"self":[{"href":"https:\/\/gce.eng.br\/index.php\/wp-json\/wp\/v2\/product\/486"}],"collection":[{"href":"https:\/\/gce.eng.br\/index.php\/wp-json\/wp\/v2\/product"}],"about":[{"href":"https:\/\/gce.eng.br\/index.php\/wp-json\/wp\/v2\/types\/product"}],"replies":[{"embeddable":true,"href":"https:\/\/gce.eng.br\/index.php\/wp-json\/wp\/v2\/comments?post=486"}],"wp:featuredmedia":[{"embeddable":true,"href":"https:\/\/gce.eng.br\/index.php\/wp-json\/wp\/v2\/media\/491"}],"wp:attachment":[{"href":"https:\/\/gce.eng.br\/index.php\/wp-json\/wp\/v2\/media?parent=486"}],"wp:term":[{"taxonomy":"product_cat","embeddable":true,"href":"https:\/\/gce.eng.br\/index.php\/wp-json\/wp\/v2\/product_cat?post=486"},{"taxonomy":"product_tag","embeddable":true,"href":"https:\/\/gce.eng.br\/index.php\/wp-json\/wp\/v2\/product_tag?post=486"}],"curies":[{"name":"wp","href":"https:\/\/api.w.org\/{rel}","templated":true}]}}