{"id":1102,"date":"2024-06-19T11:34:48","date_gmt":"2024-06-19T11:34:48","guid":{"rendered":"https:\/\/gce.eng.br\/?post_type=product&#038;p=1102"},"modified":"2024-06-19T11:42:14","modified_gmt":"2024-06-19T11:42:14","slug":"pt100-2","status":"publish","type":"product","link":"https:\/\/gce.eng.br\/index.php\/produto\/pt100-2\/","title":{"rendered":"PT100"},"content":{"rendered":"","protected":false},"excerpt":{"rendered":"<p>Sensores da fam\u00edlia GCE s\u00e3o montados em tubos de prote\u00e7\u00e3o met\u00e1lica e cabe\u00e7ote de alum\u00ednio, apresentando um pre\u00e7o acess\u00edvel e sendo amplamente utilizados para medi\u00e7\u00f5es em l\u00edquidos e gases com temperaturas m\u00e9dias e elevadas. S\u00e3o indicados para situa\u00e7\u00f5es em que \u00e9 necess\u00e1rio um termoelemento com um di\u00e2metro maior do que o usual nos sensores com isolamento mineral, bem como em processos que demandam sensores mais resistentes.<\/p>\n<p>Principais utiliza\u00e7\u00f5es em setores industriais: infraestrutura, metalurgia, produ\u00e7\u00e3o de pe\u00e7as, porcelana, processo de aquecimento, equipamentos para queima e usinas de produ\u00e7\u00e3o de etanol e a\u00e7\u00facar. Em opera\u00e7\u00f5es com alta press\u00e3o \u00e9 necess\u00e1rio instalar com po\u00e7os de prote\u00e7\u00e3o fabricados, roscados ou com flanges.<\/p>\n<p>&nbsp;<\/p>\n<p>Fabricamos o PT100 conforme a necessidade do cliente.<\/p>\n","protected":false},"featured_media":1103,"comment_status":"open","ping_status":"closed","template":"","meta":[],"product_cat":[99],"product_tag":[],"_links":{"self":[{"href":"https:\/\/gce.eng.br\/index.php\/wp-json\/wp\/v2\/product\/1102"}],"collection":[{"href":"https:\/\/gce.eng.br\/index.php\/wp-json\/wp\/v2\/product"}],"about":[{"href":"https:\/\/gce.eng.br\/index.php\/wp-json\/wp\/v2\/types\/product"}],"replies":[{"embeddable":true,"href":"https:\/\/gce.eng.br\/index.php\/wp-json\/wp\/v2\/comments?post=1102"}],"wp:featuredmedia":[{"embeddable":true,"href":"https:\/\/gce.eng.br\/index.php\/wp-json\/wp\/v2\/media\/1103"}],"wp:attachment":[{"href":"https:\/\/gce.eng.br\/index.php\/wp-json\/wp\/v2\/media?parent=1102"}],"wp:term":[{"taxonomy":"product_cat","embeddable":true,"href":"https:\/\/gce.eng.br\/index.php\/wp-json\/wp\/v2\/product_cat?post=1102"},{"taxonomy":"product_tag","embeddable":true,"href":"https:\/\/gce.eng.br\/index.php\/wp-json\/wp\/v2\/product_tag?post=1102"}],"curies":[{"name":"wp","href":"https:\/\/api.w.org\/{rel}","templated":true}]}}