{"id":1056,"date":"2024-06-19T11:04:32","date_gmt":"2024-06-19T11:04:32","guid":{"rendered":"https:\/\/gce.eng.br\/?post_type=product&#038;p=1056"},"modified":"2024-06-19T11:04:38","modified_gmt":"2024-06-19T11:04:38","slug":"f-sustancias-higroscopicas-qbm4-kit-adaptador-de-conexoes-g1-4","status":"publish","type":"product","link":"https:\/\/gce.eng.br\/index.php\/produto\/f-sustancias-higroscopicas-qbm4-kit-adaptador-de-conexoes-g1-4\/","title":{"rendered":"F sust\u00e2ncias higrosc\u00f3picas QBM4 + Kit adaptador de conex\u00f5es G1\/4&#8243;"},"content":{"rendered":"","protected":false},"excerpt":{"rendered":"","protected":false},"featured_media":1055,"comment_status":"open","ping_status":"closed","template":"","meta":[],"product_cat":[84],"product_tag":[],"_links":{"self":[{"href":"https:\/\/gce.eng.br\/index.php\/wp-json\/wp\/v2\/product\/1056"}],"collection":[{"href":"https:\/\/gce.eng.br\/index.php\/wp-json\/wp\/v2\/product"}],"about":[{"href":"https:\/\/gce.eng.br\/index.php\/wp-json\/wp\/v2\/types\/product"}],"replies":[{"embeddable":true,"href":"https:\/\/gce.eng.br\/index.php\/wp-json\/wp\/v2\/comments?post=1056"}],"wp:featuredmedia":[{"embeddable":true,"href":"https:\/\/gce.eng.br\/index.php\/wp-json\/wp\/v2\/media\/1055"}],"wp:attachment":[{"href":"https:\/\/gce.eng.br\/index.php\/wp-json\/wp\/v2\/media?parent=1056"}],"wp:term":[{"taxonomy":"product_cat","embeddable":true,"href":"https:\/\/gce.eng.br\/index.php\/wp-json\/wp\/v2\/product_cat?post=1056"},{"taxonomy":"product_tag","embeddable":true,"href":"https:\/\/gce.eng.br\/index.php\/wp-json\/wp\/v2\/product_tag?post=1056"}],"curies":[{"name":"wp","href":"https:\/\/api.w.org\/{rel}","templated":true}]}}