{"id":1037,"date":"2024-06-19T10:49:31","date_gmt":"2024-06-19T10:49:31","guid":{"rendered":"https:\/\/gce.eng.br\/?post_type=product&#038;p=1037"},"modified":"2024-06-19T10:49:45","modified_gmt":"2024-06-19T10:49:45","slug":"derivacao-intermediaria-qbm4","status":"publish","type":"product","link":"https:\/\/gce.eng.br\/index.php\/produto\/derivacao-intermediaria-qbm4\/","title":{"rendered":"Deriva\u00e7\u00e3o intermedi\u00e1ria QBM4"},"content":{"rendered":"","protected":false},"excerpt":{"rendered":"<div>\n<h6><strong>Conex\u00e3o<\/strong><\/h6>\n<h6>G1\/2&#8243;<\/h6>\n<\/div>\n<div>\n<h6><strong>Press\u00e3o do trabalho<\/strong><\/h6>\n<h6>0&#8230;10 bar<\/h6>\n<\/div>\n<div>\n<h6><strong>S\u00e9rie<\/strong><\/h6>\n<h6>S\u00e9rie QBM4 G1\/2&#8243;<\/h6>\n<\/div>\n<div>\n<h6><strong>Tipo<\/strong><\/h6>\n<h6>Unidade deriva\u00e7\u00e3o intermedi\u00e1ria<\/h6>\n<\/div>\n","protected":false},"featured_media":1035,"comment_status":"open","ping_status":"closed","template":"","meta":[],"product_cat":[79],"product_tag":[],"_links":{"self":[{"href":"https:\/\/gce.eng.br\/index.php\/wp-json\/wp\/v2\/product\/1037"}],"collection":[{"href":"https:\/\/gce.eng.br\/index.php\/wp-json\/wp\/v2\/product"}],"about":[{"href":"https:\/\/gce.eng.br\/index.php\/wp-json\/wp\/v2\/types\/product"}],"replies":[{"embeddable":true,"href":"https:\/\/gce.eng.br\/index.php\/wp-json\/wp\/v2\/comments?post=1037"}],"wp:featuredmedia":[{"embeddable":true,"href":"https:\/\/gce.eng.br\/index.php\/wp-json\/wp\/v2\/media\/1035"}],"wp:attachment":[{"href":"https:\/\/gce.eng.br\/index.php\/wp-json\/wp\/v2\/media?parent=1037"}],"wp:term":[{"taxonomy":"product_cat","embeddable":true,"href":"https:\/\/gce.eng.br\/index.php\/wp-json\/wp\/v2\/product_cat?post=1037"},{"taxonomy":"product_tag","embeddable":true,"href":"https:\/\/gce.eng.br\/index.php\/wp-json\/wp\/v2\/product_tag?post=1037"}],"curies":[{"name":"wp","href":"https:\/\/api.w.org\/{rel}","templated":true}]}}