{"id":1000,"date":"2024-06-19T10:34:02","date_gmt":"2024-06-19T10:34:02","guid":{"rendered":"https:\/\/gce.eng.br\/?post_type=product&#038;p=1000"},"modified":"2024-06-19T10:34:28","modified_gmt":"2024-06-19T10:34:28","slug":"ventosa-pfyn-3-5-rm-si","status":"publish","type":"product","link":"https:\/\/gce.eng.br\/index.php\/produto\/ventosa-pfyn-3-5-rm-si\/","title":{"rendered":"Ventosa PFYN 3.5 &#8211; RM &#8211; SI"},"content":{"rendered":"","protected":false},"excerpt":{"rendered":"<div>\n<h6><strong>Conex\u00e3o<\/strong><\/h6>\n<h6>M3<\/h6>\n<\/div>\n<div>\n<h6><strong>Di\u00e2metro (mm)<\/strong><\/h6>\n<h6>3.5<\/h6>\n<\/div>\n<div>\n<h6><strong>For\u00e7a de suc\u00e7\u00e3o (N)<\/strong><\/h6>\n<h6>0.42<\/h6>\n<\/div>\n<div>\n<h6><strong>Material<\/strong><\/h6>\n<h6>SI<\/h6>\n<\/div>\n<div>\n<h6><strong>S\u00e9rie<\/strong><\/h6>\n<h6>Ventosas planas PFYN<\/h6>\n<\/div>\n<div>\n<h6><strong>Tipo<\/strong><\/h6>\n<h6>com conex\u00e3o rosca macho<\/h6>\n<\/div>\n","protected":false},"featured_media":1001,"comment_status":"open","ping_status":"closed","template":"","meta":[],"product_cat":[75],"product_tag":[],"_links":{"self":[{"href":"https:\/\/gce.eng.br\/index.php\/wp-json\/wp\/v2\/product\/1000"}],"collection":[{"href":"https:\/\/gce.eng.br\/index.php\/wp-json\/wp\/v2\/product"}],"about":[{"href":"https:\/\/gce.eng.br\/index.php\/wp-json\/wp\/v2\/types\/product"}],"replies":[{"embeddable":true,"href":"https:\/\/gce.eng.br\/index.php\/wp-json\/wp\/v2\/comments?post=1000"}],"wp:featuredmedia":[{"embeddable":true,"href":"https:\/\/gce.eng.br\/index.php\/wp-json\/wp\/v2\/media\/1001"}],"wp:attachment":[{"href":"https:\/\/gce.eng.br\/index.php\/wp-json\/wp\/v2\/media?parent=1000"}],"wp:term":[{"taxonomy":"product_cat","embeddable":true,"href":"https:\/\/gce.eng.br\/index.php\/wp-json\/wp\/v2\/product_cat?post=1000"},{"taxonomy":"product_tag","embeddable":true,"href":"https:\/\/gce.eng.br\/index.php\/wp-json\/wp\/v2\/product_tag?post=1000"}],"curies":[{"name":"wp","href":"https:\/\/api.w.org\/{rel}","templated":true}]}}