{"id":595,"date":"2024-05-03T03:06:52","date_gmt":"2024-05-03T03:06:52","guid":{"rendered":"https:\/\/gce.eng.br\/?page_id=595"},"modified":"2024-06-19T11:50:19","modified_gmt":"2024-06-19T11:50:19","slug":"sensores-de-temperatura","status":"publish","type":"page","link":"https:\/\/gce.eng.br\/index.php\/sensores-de-temperatura\/","title":{"rendered":"Sensores de temperatura"},"content":{"rendered":"\n<p>A GCE oferece uma solu\u00e7\u00e3o abrangente para todas as suas necessidades de medi\u00e7\u00e3o de temperatura.<\/p>\n\n\n\n<p>N\u00f3s produzimos uma variedade de sensores, incluindo modelos abertos, flex\u00edveis e do tipo espeto, que s\u00e3o montados em tubos cer\u00e2micos e revestidos com a\u00e7o inoxid\u00e1vel. Esses sensores podem ter isolamento convencional ou mineral. Al\u00e9m disso, todos os nossos produtos possuem um certificado de calibra\u00e7\u00e3o reconhecido pela RBC\/INMETRO.<\/p>\n\n\n<div class=\"wp-block-image\">\n<figure class=\"aligncenter size-full is-resized\"><img fetchpriority=\"high\" decoding=\"async\" width=\"3024\" height=\"3024\" src=\"https:\/\/gce.eng.br\/wp-content\/uploads\/2024\/06\/8B228AE1-D331-43C2-8AC0-3F84A1B25241.jpg\" alt=\"\" class=\"wp-image-1107\" style=\"width:480px;height:auto\"\/><\/figure><\/div>","protected":false},"excerpt":{"rendered":"<p>A GCE oferece uma solu\u00e7\u00e3o abrangente para todas as suas necessidades de medi\u00e7\u00e3o de temperatura. N\u00f3s produzimos uma variedade de sensores, incluindo modelos abertos, flex\u00edveis e do tipo espeto, que s\u00e3o montados em tubos cer\u00e2micos e revestidos com a\u00e7o inoxid\u00e1vel. Esses sensores podem ter isolamento convencional ou mineral. Al\u00e9m disso, todos os nossos produtos possuem [&hellip;]<\/p>\n","protected":false},"author":1,"featured_media":0,"parent":0,"menu_order":0,"comment_status":"closed","ping_status":"closed","template":"","meta":{"footnotes":""},"_links":{"self":[{"href":"https:\/\/gce.eng.br\/index.php\/wp-json\/wp\/v2\/pages\/595"}],"collection":[{"href":"https:\/\/gce.eng.br\/index.php\/wp-json\/wp\/v2\/pages"}],"about":[{"href":"https:\/\/gce.eng.br\/index.php\/wp-json\/wp\/v2\/types\/page"}],"author":[{"embeddable":true,"href":"https:\/\/gce.eng.br\/index.php\/wp-json\/wp\/v2\/users\/1"}],"replies":[{"embeddable":true,"href":"https:\/\/gce.eng.br\/index.php\/wp-json\/wp\/v2\/comments?post=595"}],"version-history":[{"count":5,"href":"https:\/\/gce.eng.br\/index.php\/wp-json\/wp\/v2\/pages\/595\/revisions"}],"predecessor-version":[{"id":1109,"href":"https:\/\/gce.eng.br\/index.php\/wp-json\/wp\/v2\/pages\/595\/revisions\/1109"}],"wp:attachment":[{"href":"https:\/\/gce.eng.br\/index.php\/wp-json\/wp\/v2\/media?parent=595"}],"curies":[{"name":"wp","href":"https:\/\/api.w.org\/{rel}","templated":true}]}}